{"id":3566,"date":"2023-12-12T07:25:27","date_gmt":"2023-12-12T07:25:27","guid":{"rendered":"https:\/\/vspahotel.ee\/hea-maitsega-eripakkumine\/"},"modified":"2024-09-20T06:45:44","modified_gmt":"2024-09-20T06:45:44","slug":"hea-maitsega-eripakkumine","status":"publish","type":"page","link":"https:\/\/vspahotel.ee\/en\/celebrate-at-v\/v-pulmad\/hea-maitsega-eripakkumine\/","title":{"rendered":"Hea maitsega eripakkumine"},"content":{"rendered":"\n<h2 class=\"wp-block-heading has-text-align-center wp-el\">V spaahotelli Hea maitsega pulmade k\u00fclastajatele pakume hotellimajutust koos meie kuulsusrikka hommikus\u00f6\u00f6giga eriti headel tingimustel.<\/h2>\n\n\n\n<div class=\"wp-block-columns is-layout-flex wp-container-core-columns-is-layout-28f84493 wp-block-columns-is-layout-flex\">\n<div class=\"wp-block-column is-layout-flow wp-block-column-is-layout-flow\">\n<h2 class=\"wp-block-heading wp-el\">Eripakkumine<\/h2>\n\n\n\n<ul class=\"wp-block-list wp-el\">\n<li>Maitsekalt kujundatud pulmapeo saal, valge kangaga dekoreeritud lagi ja teie teemaeelistust ning muid soove arvestav valguslahendus.<\/li>\n\n\n\n<li>Pidulikud \u00fcmmargused lauad koos stiilsete linadega ja k\u00fc\u00fcnlajalgadega. Laual maitsekas pidulik eelkate.<\/li>\n\n\n\n<li>Ettevalmistatud lava esinejatele ning tantsup\u00f5rand pidulistele.<\/li>\n\n\n\n<li>Eraldi l\u00f5bus m\u00e4nguruum lastele ja eraldi abiruum ka teenindavale personalile.<\/li>\n\n\n\n<li>Pruutpaari-teemaline tervitusjook saabujatele ja valik koduseid v\u00f5i eksootilisi puuviljasuupisteid.<\/li>\n\n\n\n<li>Joyce restorani tippkvaliteedis pidulik buffet-\u00f5htus\u00f6\u00f6k k\u00fclmlaua ja sooja toidu valikuga, mis nii m\u00f5neski elemendis v\u00f5ib r\u00e4\u00e4kida pruutpaari lugu.<\/li>\n\n\n\n<li>Noorpaari luksuslik pulma\u00f6\u00f6 sviidis koos rikkaliku hommikus\u00f6\u00f6giga restoranis Joyce<\/li>\n<\/ul>\n\n\n\n<p class=\"has-text-align-center has-primary-color has-text-color has-link-color has-medium-font-size wp-elements-b5d78629fffcb6365342d619fc78c54e wp-el\">Pulmapakett alates: 99\u20ac *\/ inimene<br>* alates 40 k\u00fclalisest<\/p>\n<\/div>\n\n\n\n<div class=\"wp-block-column is-layout-flow wp-block-column-is-layout-flow\">\n<h2 class=\"wp-block-heading wp-el\">Pulmamajutus<\/h2>\n\n\n\n<ul class=\"wp-block-list wp-el\">\n<li>V Spaahotellis on 86 m\u00f5nusat luksuslikku numbrituba. Soodustingimustel majutuse broneerimine pulmak\u00fclalistele on korraldatud l\u00e4bi vastuv\u00f5tuleti, salas\u00f5na alusel.<\/li>\n\n\n\n<li>Hotelli sisseregistreerimine on v\u00f5imalik alates 16.00, v\u00e4ljaregistreerimine hiljemalt 12.00<\/li>\n\n\n\n<li>Hea maitsega pulmad mahuvad reeglina \u00fche kuup\u00e4eva sisse ja pulmapeo kestvus on kuni s\u00fcda\u00f6\u00f6ni. Pulmasaali kasutamine peale s\u00fcda\u00f6\u00f6d on v\u00f5imalik eritasu eest (200 EUR\/h) ja vajadusel tuleb arvestada ka teiste hotellik\u00fclastajate \u00f6\u00f6rahuga. Juhul kui reserveerite oma pulmaseltskonnale \u00fcle 50 numbritoa pole \u00f6\u00f6rahu p\u00e4rast vaja muretseda ja pidu v\u00f5ib kesta kauemgi. Sellisel juhul saame vaikust hindavad hotellikliendid paigutada tubadesse, kuhu peom\u00f6ll ei kostu.<\/li>\n<\/ul>\n\n\n\n<p class=\"has-text-align-center has-primary-color has-text-color has-link-color has-medium-font-size wp-elements-b23568f8dbfc64d422fcb112ec87c30d wp-el\">K\u00fcsi majutuse eripakkumist pulmak\u00fclalistele!<\/p>\n<\/div>\n<\/div>\n\n\n\n<div class=\"wp-block-contact-form-7-contact-form-selector\">\n<div class=\"wpcf7 no-js\" id=\"wpcf7-f3318-o1\" lang=\"en-US\" dir=\"ltr\" data-wpcf7-id=\"3318\">\n<div class=\"screen-reader-response\"><p role=\"status\" aria-live=\"polite\" aria-atomic=\"true\"><\/p> <ul><\/ul><\/div>\n<form action=\"\/en\/wp-json\/wp\/v2\/pages\/3566#wpcf7-f3318-o1\" method=\"post\" class=\"wpcf7-form init\" aria-label=\"Contact form\" novalidate=\"novalidate\" data-status=\"init\">\n<fieldset class=\"hidden-fields-container\"><input type=\"hidden\" name=\"_wpcf7\" value=\"3318\" \/><input type=\"hidden\" name=\"_wpcf7_version\" value=\"6.1.5\" \/><input type=\"hidden\" name=\"_wpcf7_locale\" value=\"en_US\" \/><input type=\"hidden\" name=\"_wpcf7_unit_tag\" value=\"wpcf7-f3318-o1\" \/><input type=\"hidden\" name=\"_wpcf7_container_post\" value=\"0\" \/><input type=\"hidden\" name=\"_wpcf7_posted_data_hash\" value=\"\" \/><input type=\"hidden\" name=\"_wpcf7cf_hidden_group_fields\" value=\"[]\" \/><input type=\"hidden\" name=\"_wpcf7cf_hidden_groups\" value=\"[]\" \/><input type=\"hidden\" name=\"_wpcf7cf_visible_groups\" value=\"[]\" \/><input type=\"hidden\" name=\"_wpcf7cf_repeaters\" value=\"[]\" \/><input type=\"hidden\" name=\"_wpcf7cf_steps\" value=\"{}\" \/><input type=\"hidden\" name=\"_wpcf7cf_options\" value=\"{&quot;form_id&quot;:3318,&quot;conditions&quot;:[],&quot;settings&quot;:{&quot;animation&quot;:&quot;yes&quot;,&quot;animation_intime&quot;:200,&quot;animation_outtime&quot;:200,&quot;conditions_ui&quot;:&quot;normal&quot;,&quot;notice_dismissed&quot;:false,&quot;notice_dismissed_rollback-cf7-5.8.3&quot;:true,&quot;notice_dismissed_rollback-cf7-5.8.6&quot;:true,&quot;notice_dismissed_rollback-cf7-5.9.3&quot;:true,&quot;notice_dismissed_rollback-cf7-5.9.4&quot;:true}}\" \/><input type=\"hidden\" name=\"_wpcf7dtx_version\" value=\"5.0.5\" \/><input type=\"hidden\" name=\"_wpcf7_recaptcha_response\" value=\"\" \/>\n<\/fieldset>\n<div class=\"row row-grid\">\n<div class=\"col-12\"><div class=\"form-floating\"><span class=\"wpcf7-form-control-wrap dynamicname\" data-name=\"dynamicname\"><input type=\"text\" name=\"dynamicname\" class=\"wpcf7-form-control wpcf7-text wpcf7dtx wpcf7dtx-text\" aria-invalid=\"false\" readonly=\"readonly\" value=\"Hea maitsega eripakkumine\"><\/span><label>Pakkumine<\/label><\/div><\/div>\n<div class=\"col-12 col-lg-6\"><span class=\"wpcf7-form-control-wrap\" data-name=\"your-email\"><input size=\"40\" maxlength=\"400\" class=\"wpcf7-form-control wpcf7-email wpcf7-validates-as-required wpcf7-text wpcf7-validates-as-email\" autocomplete=\"email\" aria-required=\"true\" aria-invalid=\"false\" placeholder=\"Sinu email *\" value=\"\" type=\"email\" name=\"your-email\" \/><\/span><\/div>\n<div class=\"col-12 col-lg-6\"><span class=\"wpcf7-form-control-wrap\" data-name=\"your-phone\"><input size=\"40\" maxlength=\"400\" class=\"wpcf7-form-control wpcf7-text\" autocomplete=\"phone\" aria-invalid=\"false\" placeholder=\"Sinu telefon\" value=\"\" type=\"text\" name=\"your-phone\" \/><\/span><\/div>\n<div class=\"col-12\"><span class=\"wpcf7-form-control-wrap\" data-name=\"your-message\"><textarea cols=\"40\" rows=\"10\" maxlength=\"2000\" class=\"wpcf7-form-control wpcf7-textarea wpcf7-validates-as-required\" aria-required=\"true\" aria-invalid=\"false\" placeholder=\"K\u00fcsimus *\" name=\"your-message\"><\/textarea><\/span><\/div>\n<div class=\"col-12\"><div class=\"wp-block-buttons justify-content-center\"><div class=\"wp-block-button\"><button type=\"submit\" class=\"has-secondary-background-color wp-block-button__link\">Saada<\/button><\/div><\/div><\/div>\n<\/div><div class=\"wpcf7-response-output\" aria-hidden=\"true\"><\/div>\n<\/form>\n<\/div>\n<\/div>\n","protected":false},"excerpt":{"rendered":"<p>V spaahotelli Hea maitsega pulmade k\u00fclastajatele pakume hotellimajutust koos meie kuulsusrikka hommikus\u00f6\u00f6giga eriti headel tingimustel. Eripakkumine Pulmapakett alates: 99\u20ac *\/&#8230;<\/p>\n","protected":false},"author":1,"featured_media":0,"parent":3570,"menu_order":100,"comment_status":"closed","ping_status":"closed","template":"page-templates\/tpl-onepager.php","meta":{"_acf_changed":false,"inline_featured_image":false,"footnotes":""},"class_list":["post-3566","page","type-page","status-publish","hentry"],"acf":[],"_links":{"self":[{"href":"https:\/\/vspahotel.ee\/en\/wp-json\/wp\/v2\/pages\/3566","targetHints":{"allow":["GET"]}}],"collection":[{"href":"https:\/\/vspahotel.ee\/en\/wp-json\/wp\/v2\/pages"}],"about":[{"href":"https:\/\/vspahotel.ee\/en\/wp-json\/wp\/v2\/types\/page"}],"author":[{"embeddable":true,"href":"https:\/\/vspahotel.ee\/en\/wp-json\/wp\/v2\/users\/1"}],"replies":[{"embeddable":true,"href":"https:\/\/vspahotel.ee\/en\/wp-json\/wp\/v2\/comments?post=3566"}],"version-history":[{"count":0,"href":"https:\/\/vspahotel.ee\/en\/wp-json\/wp\/v2\/pages\/3566\/revisions"}],"up":[{"embeddable":true,"href":"https:\/\/vspahotel.ee\/en\/wp-json\/wp\/v2\/pages\/3570"}],"wp:attachment":[{"href":"https:\/\/vspahotel.ee\/en\/wp-json\/wp\/v2\/media?parent=3566"}],"curies":[{"name":"wp","href":"https:\/\/api.w.org\/{rel}","templated":true}]}}