{"id":3680,"date":"2023-11-15T06:53:16","date_gmt":"2023-11-15T06:53:16","guid":{"rendered":"https:\/\/vspahotel.ee\/parkimine\/"},"modified":"2025-08-25T10:38:41","modified_gmt":"2025-08-25T10:38:41","slug":"parkimine","status":"publish","type":"page","link":"https:\/\/vspahotel.ee\/fi\/parkimine\/","title":{"rendered":"Pys\u00e4k\u00f6inti"},"content":{"rendered":"<div class=\"ama-block block-txtmedia\"><div class=\"block-txtmedia__content\"><div class=\"acf-innerblocks-container\">\n\n<h2 class=\"wp-block-heading has-primary-color has-text-color has-link-color wp-elements-ace9c04b29c9e3fbd34d66bee21688ef wp-el\">Pys\u00e4k\u00f6inti hinnat<\/h2>\n\n\n\n<p class=\"wp-el\">Hotellivieraiden on k\u00e4tevint\u00e4 k\u00e4ytt\u00e4\u00e4 Kvartalin kauppakeskuksen parkkipaikan P2-kerrosta. Korttelin parkkipaikalle p\u00e4\u00e4see Turu-kadulta ja Soola-kadulta. Parkkipaikka toimii automaattisesti ja on avoinna 24 tuntia vuorokaudessa.<\/p>\n\n\n\n<p class=\"wp-el\"><strong><mark style=\"background-color:rgba(0, 0, 0, 0)\" class=\"has-inline-color has-primary-color\">24 tunnin pys\u00e4k\u00f6intimaksu Kvartalin kauppakeskuksessa on 25 euro.<\/mark><\/strong><\/p>\n\n\n\n<p class=\"wp-el\"><strong>Ma\u2013su&nbsp;<\/strong>1 tunti maksutta<br>joka seuraava 2 euro<br>24 tuntia hinta 25 euroa<br><strong>*Maksu hukatusta pys\u00e4k\u00f6intilipusta on 25 euroa.<\/strong><\/p>\n\n\n\n<p class=\"wp-el\"><strong>Korttelin parkkipaikalle mahtuu autoja, joiden korkeus on enint\u00e4\u00e4n 2 m.<\/strong> Voit maksaa sek\u00e4 k\u00e4teisell\u00e4 ett\u00e4 pankkikortilla parkkipaikan keskell\u00e4 olevilla maksuautomaateilla.<\/p>\n\n\n\n<p class=\"wp-el\">Korttelin P2-kerroksessa (hotellin puolella) on Enefit Volt -latauspiste s\u00e4hk\u00f6autoille. Latauspisteess\u00e4 on kaksi uutta 50 kW pikalaturia. Laturit sopivat s\u00e4hk\u00f6autoihin, joissa on sek\u00e4 eurooppalaiset ett\u00e4 japanilaiset latausstandardit.<\/p>\n\n\n\n<p class=\"wp-el\"><mark style=\"background-color:rgba(0, 0, 0, 0)\" class=\"has-inline-color has-primary-color\"><strong>Pys\u00e4k\u00f6inti Aleksandri- ja Kalevinkadulla (Vy\u00f6hyke B)<\/strong><\/mark> <\/p>\n\n\n\n<p class=\"wp-el\">Hotellin l\u00e4hell\u00e4 sijaitsevat Aleksandri- ja Kalevinkatu, joilla on merkitty maksuton pys\u00e4k\u00f6inti seuraavina aikoina: Maanantaista perjantaihin klo 19:00-08:00<br>Viikonloppuisin perjantai klo 19:00 &#8211; maanantai klo 08:00. <\/p>\n\n\n\n<p class=\"wp-el\">Muina aikoina on 90 minuuttia maksutonta pys\u00e4k\u00f6inti\u00e4 pys\u00e4k\u00f6intikiekolla, t\u00e4m\u00e4n j\u00e4lkeen 1 tunti = 1,50\u20ac.<br><\/p>\n\n<\/div><\/div><div class=\"block-txtmedia__media\"><div class=\"splide\" data-splide={\"gap\":\".625rem\",\"pagination\":false}><div class=\"splide__track\"><ul class=\"splide__list\"><li class=\"splide__slide\"><a href=\"https:\/\/vspahotel.ee\/wp-content\/uploads\/2024\/06\/200867.jpg\" data-fancybox=\"txtmedia-block_68ac3d3083073\"><img loading=\"lazy\" decoding=\"async\" width=\"680\" height=\"480\" src=\"https:\/\/vspahotel.ee\/wp-content\/uploads\/2024\/06\/200867-680x480.jpg\" class=\"attachment-img-680x480 size-img-680x480\" alt=\"\" srcset=\"https:\/\/vspahotel.ee\/wp-content\/uploads\/2024\/06\/200867-680x480.jpg 680w, https:\/\/vspahotel.ee\/wp-content\/uploads\/2024\/06\/200867-40x27.jpg 40w\" sizes=\"auto, (max-width: 680px) 100vw, 680px\" \/><\/a><\/li><li class=\"splide__slide\"><a href=\"https:\/\/vspahotel.ee\/wp-content\/uploads\/2024\/06\/IMG_7379-edited-1480x986.jpg\" data-fancybox=\"txtmedia-block_68ac3d3083073\"><img loading=\"lazy\" decoding=\"async\" width=\"680\" height=\"480\" src=\"https:\/\/vspahotel.ee\/wp-content\/uploads\/2024\/06\/IMG_7379-edited-680x480.jpg\" class=\"attachment-img-680x480 size-img-680x480\" alt=\"\" srcset=\"https:\/\/vspahotel.ee\/wp-content\/uploads\/2024\/06\/IMG_7379-edited-680x480.jpg 680w, https:\/\/vspahotel.ee\/wp-content\/uploads\/2024\/06\/IMG_7379-edited-40x27.jpg 40w\" sizes=\"auto, (max-width: 680px) 100vw, 680px\" \/><\/a><\/li><\/ul><\/div><div class=\"splide__arrows\"><button class=\"splide__arrow splide__arrow--prev\"><svg xmlns=\"http:\/\/www.w3.org\/2000\/svg\" width=\"10.413\" height=\"18.828\" viewBox=\"0 0 10.413 18.828\"><path d=\"M-10753-2701l-8,8,8,8\" transform=\"translate(10761.999 2702.415)\" fill=\"none\" stroke=\"currentColor\" stroke-linecap=\"round\" stroke-linejoin=\"round\" stroke-width=\"2\"\/><\/svg><\/button><button class=\"splide__arrow splide__arrow--next\"><svg xmlns=\"http:\/\/www.w3.org\/2000\/svg\" width=\"10.414\" height=\"18.828\" viewBox=\"0 0 10.414 18.828\"><path d=\"M-10761-2701l8,8-8,8\" transform=\"translate(10762.414 2702.415)\" fill=\"none\" stroke=\"currentColor\" stroke-linecap=\"round\" stroke-linejoin=\"round\" stroke-width=\"2\"\/><\/svg><\/button><\/div><\/div><\/div><\/div>\n\n\n<p class=\"wp-el\"><\/p>\n","protected":false},"excerpt":{"rendered":"","protected":false},"author":1,"featured_media":0,"parent":0,"menu_order":120,"comment_status":"closed","ping_status":"closed","template":"","meta":{"_acf_changed":true,"inline_featured_image":false,"footnotes":""},"class_list":["post-3680","page","type-page","status-publish","hentry"],"acf":[],"_links":{"self":[{"href":"https:\/\/vspahotel.ee\/fi\/wp-json\/wp\/v2\/pages\/3680","targetHints":{"allow":["GET"]}}],"collection":[{"href":"https:\/\/vspahotel.ee\/fi\/wp-json\/wp\/v2\/pages"}],"about":[{"href":"https:\/\/vspahotel.ee\/fi\/wp-json\/wp\/v2\/types\/page"}],"author":[{"embeddable":true,"href":"https:\/\/vspahotel.ee\/fi\/wp-json\/wp\/v2\/users\/1"}],"replies":[{"embeddable":true,"href":"https:\/\/vspahotel.ee\/fi\/wp-json\/wp\/v2\/comments?post=3680"}],"version-history":[{"count":0,"href":"https:\/\/vspahotel.ee\/fi\/wp-json\/wp\/v2\/pages\/3680\/revisions"}],"wp:attachment":[{"href":"https:\/\/vspahotel.ee\/fi\/wp-json\/wp\/v2\/media?parent=3680"}],"curies":[{"name":"wp","href":"https:\/\/api.w.org\/{rel}","templated":true}]}}