{"id":3695,"date":"2023-11-15T06:43:49","date_gmt":"2023-11-15T06:43:49","guid":{"rendered":"https:\/\/vspahotel.ee\/hotelli-kodukord\/"},"modified":"2026-04-16T10:02:48","modified_gmt":"2026-04-16T10:02:48","slug":"hotelli-kodukord","status":"publish","type":"page","link":"https:\/\/vspahotel.ee\/fi\/hotelli\/hotelli-kodukord\/","title":{"rendered":"Hotellin s\u00e4\u00e4nn\u00f6t"},"content":{"rendered":"<div class=\"ama-block block-txtmedia\"><div class=\"block-txtmedia__content\"><div class=\"acf-innerblocks-container\">\n\n<h2 class=\"wp-block-heading has-primary-color has-text-color has-link-color wp-elements-ce800ace9863dc4f4c886cd31662c7f8 wp-el\">Vastuu ja hotellin omaisuuden k\u00e4ytt\u00f6<\/h2>\n\n\n\n<p class=\"wp-el\">Pyyd\u00e4mme k\u00e4ytt\u00e4m\u00e4\u00e4n hotellin omaisuutta huolellisesti.<br>Asiakas on vastuussa aiheuttamistaan vahingoista. Tarvittaessa hotellilla on oikeus vaatia korvausta, joka voi sis\u00e4lt\u00e4\u00e4 korjaus- tai korvauskustannukset sek\u00e4 mahdolliset tulonmenetykset, jos huone on tilap\u00e4isesti k\u00e4ytt\u00f6kelvoton.<\/p>\n\n\n\n<h2 class=\"wp-block-heading has-primary-color has-text-color has-link-color wp-elements-efa83eaa6c0c2600f51228bfdaf9e3c3 wp-el\">Lemmikkiel\u00e4imet<\/h2>\n\n\n\n<p class=\"wp-el\">Huomioithan, ett\u00e4 lemmikkiel\u00e4imet eiv\u00e4t ole sallittuja V Spa Hotelissa.<br>S\u00e4\u00e4nn\u00f6n rikkomisesta veloitetaan 200 \u20ac per lemmikki.<\/p>\n\n\n\n<h2 class=\"wp-block-heading has-primary-color has-text-color has-link-color wp-elements-21b7762f054177561ca4e02339f84e66 wp-el\">Tupakointi<\/h2>\n\n\n\n<p class=\"wp-el\">Tupakointi huoneissa ei ole sallittua.<br>S\u00e4\u00e4nn\u00f6n rikkomisesta veloitetaan 200 \u20ac.<\/p>\n\n<\/div><\/div><div class=\"block-txtmedia__media\"><div class=\"splide\" data-splide={\"gap\":\".625rem\",\"pagination\":false}><div class=\"splide__track\"><ul class=\"splide__list\"><li class=\"splide__slide\"><a href=\"https:\/\/vspahotel.ee\/wp-content\/uploads\/2024\/01\/DSC_5502-987x1480.jpg\" data-fancybox=\"txtmedia-block_69e0b3c596498\"><img loading=\"lazy\" decoding=\"async\" width=\"680\" height=\"480\" src=\"https:\/\/vspahotel.ee\/wp-content\/uploads\/2024\/01\/DSC_5502-680x480.jpg\" class=\"attachment-img-680x480 size-img-680x480\" alt=\"\" \/><\/a><\/li><\/ul><\/div><div class=\"splide__arrows\"><button class=\"splide__arrow splide__arrow--prev\"><svg xmlns=\"http:\/\/www.w3.org\/2000\/svg\" width=\"10.413\" height=\"18.828\" viewBox=\"0 0 10.413 18.828\"><path d=\"M-10753-2701l-8,8,8,8\" transform=\"translate(10761.999 2702.415)\" fill=\"none\" stroke=\"currentColor\" stroke-linecap=\"round\" stroke-linejoin=\"round\" stroke-width=\"2\"\/><\/svg><\/button><button class=\"splide__arrow splide__arrow--next\"><svg xmlns=\"http:\/\/www.w3.org\/2000\/svg\" width=\"10.414\" height=\"18.828\" viewBox=\"0 0 10.414 18.828\"><path d=\"M-10761-2701l8,8-8,8\" transform=\"translate(10762.414 2702.415)\" fill=\"none\" stroke=\"currentColor\" stroke-linecap=\"round\" stroke-linejoin=\"round\" stroke-width=\"2\"\/><\/svg><\/button><\/div><\/div><\/div><\/div>","protected":false},"excerpt":{"rendered":"","protected":false},"author":1,"featured_media":0,"parent":3714,"menu_order":20,"comment_status":"closed","ping_status":"closed","template":"","meta":{"_acf_changed":true,"inline_featured_image":false,"footnotes":""},"class_list":["post-3695","page","type-page","status-publish","hentry"],"acf":[],"_links":{"self":[{"href":"https:\/\/vspahotel.ee\/fi\/wp-json\/wp\/v2\/pages\/3695","targetHints":{"allow":["GET"]}}],"collection":[{"href":"https:\/\/vspahotel.ee\/fi\/wp-json\/wp\/v2\/pages"}],"about":[{"href":"https:\/\/vspahotel.ee\/fi\/wp-json\/wp\/v2\/types\/page"}],"author":[{"embeddable":true,"href":"https:\/\/vspahotel.ee\/fi\/wp-json\/wp\/v2\/users\/1"}],"replies":[{"embeddable":true,"href":"https:\/\/vspahotel.ee\/fi\/wp-json\/wp\/v2\/comments?post=3695"}],"version-history":[{"count":0,"href":"https:\/\/vspahotel.ee\/fi\/wp-json\/wp\/v2\/pages\/3695\/revisions"}],"up":[{"embeddable":true,"href":"https:\/\/vspahotel.ee\/fi\/wp-json\/wp\/v2\/pages\/3714"}],"wp:attachment":[{"href":"https:\/\/vspahotel.ee\/fi\/wp-json\/wp\/v2\/media?parent=3695"}],"curies":[{"name":"wp","href":"https:\/\/api.w.org\/{rel}","templated":true}]}}