{"id":3710,"date":"2023-11-15T06:41:30","date_gmt":"2023-11-15T06:41:30","guid":{"rendered":"https:\/\/vspahotel.ee\/info\/"},"modified":"2024-07-20T10:53:26","modified_gmt":"2024-07-20T10:53:26","slug":"info","status":"publish","type":"page","link":"https:\/\/vspahotel.ee\/fi\/hotelli\/info\/","title":{"rendered":"Tiedot"},"content":{"rendered":"<div class=\"ama-block block-txtmedia\"><div class=\"block-txtmedia__content\"><div class=\"acf-innerblocks-container\">\n\n<h2 class=\"wp-block-heading has-primary-color has-text-color has-link-color wp-elements-a032319c446ee6d35f033f67a9e2a611 wp-el\">Viihtyis\u00e4 nelj\u00e4n t\u00e4hden hotelli<\/h2>\n\n\n\n<p class=\"wp-el\">V spa- ja konferenssihotelli 86 huoneen joukosta l\u00f6ytyv\u00e4t parhaan lepoel\u00e4myksen tarjoavat superior- ja deluxe-luokan huoneet sek\u00e4 monipuoliset ja tilavat studiohuoneet. Niiden lis\u00e4ksi on kaksi ylellist\u00e4 sviitti\u00e4. Hotellihuoneiden varustelutaso vastaa nelj\u00e4n t\u00e4hden hotellin varustelutasoa ja huoneiden tilavuuden johdosta on huoneissa lis\u00e4s\u00e4ngyill\u00e4 tilaa jopa kuudelle vieraalle.<\/p>\n\n\n\n<p class=\"wp-el\">Kotoisan viihtyvyyden luovat lattioita peitt\u00e4v\u00e4t villamatot, mutta huoneiden joukossa on allergikoille sopivia parkettilattialla sisustettuja huoneita. Hotelli ja spa sijaitsevat uudessa liiketoimintakeskuksessa maailmankuulujen br\u00e4ndimyym\u00e4l\u00f6iden, mukavien kahviloiden ja lasten leikkialueen l\u00e4hell\u00e4, joten toimintaa riitt\u00e4\u00e4 my\u00f6s lomap\u00e4ivien aikana.<\/p>\n\n\n\n<div class=\"wp-block-buttons is-layout-flex wp-block-buttons-is-layout-flex\">\n<div class=\"wp-block-button\"><a class=\"wp-block-button__link has-secondary-background-color has-background wp-element-button\" href=\"https:\/\/vspahotel.ee\/hotell\/majutus-tartus\/\">Tutustu hotellihuoneisiin<\/a><\/div>\n<\/div>\n\n<\/div><\/div><div class=\"block-txtmedia__media\"><div class=\"splide\" data-splide={\"gap\":\".625rem\",\"pagination\":false}><div class=\"splide__track\"><ul class=\"splide__list\"><li class=\"splide__slide\"><a href=\"https:\/\/vspahotel.ee\/wp-content\/uploads\/2023\/11\/Vspahotel_superior-016-1-1480x987.jpg\" data-fancybox=\"txtmedia-block_669b972376b10\"><img loading=\"lazy\" decoding=\"async\" width=\"680\" height=\"480\" src=\"https:\/\/vspahotel.ee\/wp-content\/uploads\/2023\/11\/Vspahotel_superior-016-1-680x480.jpg\" class=\"attachment-img-680x480 size-img-680x480\" alt=\"\" srcset=\"https:\/\/vspahotel.ee\/wp-content\/uploads\/2023\/11\/Vspahotel_superior-016-1-680x480.jpg 680w, https:\/\/vspahotel.ee\/wp-content\/uploads\/2023\/11\/Vspahotel_superior-016-1-40x27.jpg 40w\" sizes=\"auto, (max-width: 680px) 100vw, 680px\" \/><\/a><\/li><\/ul><\/div><div class=\"splide__arrows\"><button class=\"splide__arrow splide__arrow--prev\"><svg xmlns=\"http:\/\/www.w3.org\/2000\/svg\" width=\"10.413\" height=\"18.828\" viewBox=\"0 0 10.413 18.828\"><path d=\"M-10753-2701l-8,8,8,8\" transform=\"translate(10761.999 2702.415)\" fill=\"none\" stroke=\"currentColor\" stroke-linecap=\"round\" stroke-linejoin=\"round\" stroke-width=\"2\"\/><\/svg><\/button><button class=\"splide__arrow splide__arrow--next\"><svg xmlns=\"http:\/\/www.w3.org\/2000\/svg\" width=\"10.414\" height=\"18.828\" viewBox=\"0 0 10.414 18.828\"><path d=\"M-10761-2701l8,8-8,8\" transform=\"translate(10762.414 2702.415)\" fill=\"none\" stroke=\"currentColor\" stroke-linecap=\"round\" stroke-linejoin=\"round\" stroke-width=\"2\"\/><\/svg><\/button><\/div><\/div><\/div><\/div>\n\n<div class=\"ama-block block-txtmedia reverse-order\"><div class=\"block-txtmedia__content\"><div class=\"acf-innerblocks-container\">\n\n<h2 class=\"wp-block-heading has-primary-color has-text-color has-link-color wp-elements-91e775d0522150d44eec0efc4a2a0cc9 wp-el\">Miten tulla<\/h2>\n\n\n\n<p class=\"wp-el\">Hotellin p\u00e4\u00e4sis\u00e4\u00e4nk\u00e4ynti sijaitsee Aleksandri- ja Soola-kadun kulmassa. Hotellille on mahdollista tulla Kvartalin kauppakeskuksesta toisen kerroksen V Caf\u00e9n kautta. Kauppakeskus Kvartalin parkkipaikalle p\u00e4\u00e4see Turu- ja Soola-kadulta. Hotellin parkkipaikat sijaitsevat P2-kerroksessa. Parkkipaikka toimii automaattisesti ja on avoinna 24 tuntia vuorokaudessa. Aleksandri- ja Kalevikadulle on mahdollista pys\u00e4k\u00f6id\u00e4 maksutta viikonloppuisin klo 18.00 illalla perjantaiaamuna klo 8.00 asti, mik\u00e4li paikkoja on vapaana.<\/p>\n\n\n\n<div class=\"wp-block-buttons is-layout-flex wp-block-buttons-is-layout-flex\">\n<div class=\"wp-block-button\"><a class=\"wp-block-button__link wp-element-button\" href=\"https:\/\/www.google.com\/maps\/dir\/\/V+Spa+Hotel+and+Conference+centre,+Riia+2,+51004+Tartu\/@58.3764558,26.7261747,17z\/data=!4m9!4m8!1m0!1m5!1m1!1s0x46eb36def90bf773:0x160736bf1e34a29a!2m2!1d26.7287496!2d58.376453!3e0?entry=ttu\" target=\"_blank\" rel=\"noreferrer noopener nofollow\">Sijainti kartalla<\/a><\/div>\n<\/div>\n\n<\/div><\/div><div class=\"block-txtmedia__media\"><div class=\"splide\" data-splide={\"gap\":\".625rem\",\"pagination\":false}><div class=\"splide__track\"><ul class=\"splide__list\"><li class=\"splide__slide\"><a href=\"https:\/\/vspahotel.ee\/wp-content\/uploads\/2023\/11\/Hotelli-sissepaas-1480x988.jpg\" data-fancybox=\"txtmedia-block_669b972376bb5\"><img loading=\"lazy\" decoding=\"async\" width=\"680\" height=\"480\" src=\"https:\/\/vspahotel.ee\/wp-content\/uploads\/2023\/11\/Hotelli-sissepaas-680x480.jpg\" class=\"attachment-img-680x480 size-img-680x480\" alt=\"\" srcset=\"https:\/\/vspahotel.ee\/wp-content\/uploads\/2023\/11\/Hotelli-sissepaas-680x480.jpg 680w, https:\/\/vspahotel.ee\/wp-content\/uploads\/2023\/11\/Hotelli-sissepaas-40x27.jpg 40w\" sizes=\"auto, (max-width: 680px) 100vw, 680px\" \/><\/a><\/li><\/ul><\/div><div class=\"splide__arrows\"><button class=\"splide__arrow splide__arrow--prev\"><svg xmlns=\"http:\/\/www.w3.org\/2000\/svg\" width=\"10.413\" height=\"18.828\" viewBox=\"0 0 10.413 18.828\"><path d=\"M-10753-2701l-8,8,8,8\" transform=\"translate(10761.999 2702.415)\" fill=\"none\" stroke=\"currentColor\" stroke-linecap=\"round\" stroke-linejoin=\"round\" stroke-width=\"2\"\/><\/svg><\/button><button class=\"splide__arrow splide__arrow--next\"><svg xmlns=\"http:\/\/www.w3.org\/2000\/svg\" width=\"10.414\" height=\"18.828\" viewBox=\"0 0 10.414 18.828\"><path d=\"M-10761-2701l8,8-8,8\" transform=\"translate(10762.414 2702.415)\" fill=\"none\" stroke=\"currentColor\" stroke-linecap=\"round\" stroke-linejoin=\"round\" stroke-width=\"2\"\/><\/svg><\/button><\/div><\/div><\/div><\/div>\n\n<div class=\"ama-block block-info-box\"><div class=\"box-icon\"><svg xmlns=\"http:\/\/www.w3.org\/2000\/svg\" width=\"60\" height=\"70.001\" viewBox=\"0 0 59.998 70.001\"><path d=\"M3236.743,12525.8l-6.822-10.082a30,30,0,1,1,18.159,0l-6.822,10.082a2.722,2.722,0,0,1-4.515,0Zm-22.287-38.738a24.6,24.6,0,0,0,17.911,23.683,2.712,2.712,0,0,1,1.522,1.1l5.112,7.555,5.112-7.555a2.712,2.712,0,0,1,1.521-1.1,24.587,24.587,0,1,0-31.178-23.683Zm21.576,11.463v-14.72c0-1.082,1.232-1.814,2.968-1.814,1.657,0,3.006.732,3.006,1.814v14.72c0,.931-1.349,1.857-3.006,1.857C3237.268,12500.382,3236.032,12499.455,3236.032,12498.524Zm-.192-22.872a3.164,3.164,0,1,1,3.159,2.782A2.988,2.988,0,0,1,3235.841,12475.652Z\" transform=\"translate(-3209.001 -12457)\" fill=\"currentColor\"\/><\/svg><\/div><div class=\"box-content\"><p class=\"fw-bold\">Lemmikit<\/p><p>Hyv\u00e4t vieraat, muistutamme, ett\u00e4 lemmikit eiv\u00e4t ole sallittuja V Spa -hotellissa. S\u00e4\u00e4nt\u00f6jen rikkomisesta perit\u00e4\u00e4n 200 \u20ac\/lemmikkisakko.<\/p><\/div><\/div>\n\n<div class=\"ama-block block-info-box\"><div class=\"box-icon\"><svg xmlns=\"http:\/\/www.w3.org\/2000\/svg\" width=\"60\" height=\"70.001\" viewBox=\"0 0 59.998 70.001\"><path d=\"M3236.743,12525.8l-6.822-10.082a30,30,0,1,1,18.159,0l-6.822,10.082a2.722,2.722,0,0,1-4.515,0Zm-22.287-38.738a24.6,24.6,0,0,0,17.911,23.683,2.712,2.712,0,0,1,1.522,1.1l5.112,7.555,5.112-7.555a2.712,2.712,0,0,1,1.521-1.1,24.587,24.587,0,1,0-31.178-23.683Zm21.576,11.463v-14.72c0-1.082,1.232-1.814,2.968-1.814,1.657,0,3.006.732,3.006,1.814v14.72c0,.931-1.349,1.857-3.006,1.857C3237.268,12500.382,3236.032,12499.455,3236.032,12498.524Zm-.192-22.872a3.164,3.164,0,1,1,3.159,2.782A2.988,2.988,0,0,1,3235.841,12475.652Z\" transform=\"translate(-3209.001 -12457)\" fill=\"currentColor\"\/><\/svg><\/div><div class=\"box-content\"><p class=\"fw-bold\">Tupakointi<\/p><p>Tupakointi huoneissa on kielletty! S\u00e4\u00e4nt\u00f6jen rikkomisesta seuraa 200 euron sakko.<\/p><\/div><\/div>","protected":false},"excerpt":{"rendered":"","protected":false},"author":1,"featured_media":0,"parent":3714,"menu_order":10,"comment_status":"closed","ping_status":"closed","template":"","meta":{"_acf_changed":false,"inline_featured_image":false,"footnotes":""},"class_list":["post-3710","page","type-page","status-publish","hentry"],"acf":[],"_links":{"self":[{"href":"https:\/\/vspahotel.ee\/fi\/wp-json\/wp\/v2\/pages\/3710","targetHints":{"allow":["GET"]}}],"collection":[{"href":"https:\/\/vspahotel.ee\/fi\/wp-json\/wp\/v2\/pages"}],"about":[{"href":"https:\/\/vspahotel.ee\/fi\/wp-json\/wp\/v2\/types\/page"}],"author":[{"embeddable":true,"href":"https:\/\/vspahotel.ee\/fi\/wp-json\/wp\/v2\/users\/1"}],"replies":[{"embeddable":true,"href":"https:\/\/vspahotel.ee\/fi\/wp-json\/wp\/v2\/comments?post=3710"}],"version-history":[{"count":0,"href":"https:\/\/vspahotel.ee\/fi\/wp-json\/wp\/v2\/pages\/3710\/revisions"}],"up":[{"embeddable":true,"href":"https:\/\/vspahotel.ee\/fi\/wp-json\/wp\/v2\/pages\/3714"}],"wp:attachment":[{"href":"https:\/\/vspahotel.ee\/fi\/wp-json\/wp\/v2\/media?parent=3710"}],"curies":[{"name":"wp","href":"https:\/\/api.w.org\/{rel}","templated":true}]}}