{"id":4752,"date":"2024-01-22T07:15:27","date_gmt":"2024-01-22T07:15:27","guid":{"rendered":"https:\/\/vspahotel.ee\/?page_id=4752"},"modified":"2024-03-26T09:39:46","modified_gmt":"2024-03-26T09:39:46","slug":"v-janiksen-huone","status":"publish","type":"page","link":"https:\/\/vspahotel.ee\/fi\/v-janiksen-huone\/","title":{"rendered":"V-J\u00e4niksen huone"},"content":{"rendered":"\n<h2 class=\"wp-block-heading has-primary-color has-text-color has-link-color has-large-font-size wp-elements-c4efecbac80d66d4142ed3eef1218335 wp-el\"><strong><strong>Olet nyt V-J\u00e4niksen huoneessa!<\/strong><\/strong><\/h2>\n\n\n\n<p class=\"wp-el\">Sinulla k\u00e4vi tuuri! V spahotellissa on 21 erikoishuonetta, joissa hotellivierailla on mahdollisuus seurata maskottimme, V-j\u00e4niksen, ja sen poikien seikkailuja hotellin ikkunasta.<\/p>\n\n\n\n<p class=\"wp-el\">Tasalta ja puolen tunnin v\u00e4lein V-j\u00e4niksen huoneiden ikkunoiden ulkopuolella alkaa muutaman minuutin laseranimaatio, jossa p\u00e4\u00e4set seuraamaan ihastuttavan maskottiperheemme el\u00e4m\u00e4\u00e4 t\u00e4ss\u00e4 kuussa. Sinun tarvitsee vain olla oikeassa huoneessa oikeaan aikaan ja kurkistaa ikkunasta hiljaa, jotta ujot V-j\u00e4nikset eiv\u00e4t huomaa sinua.<\/p>\n\n\n<div class=\"ama-block block-modal-grid\"><div class=\"block__body\"><div class=\"modal-grid__item\"><a href=\"#modal-69f1e21c6a4021\" class=\"ari-fancybox\" data-fancybox=\"modal-69f1e21c6a402\"><img loading=\"lazy\" decoding=\"async\" width=\"440\" height=\"240\" src=\"https:\/\/vspahotel.ee\/wp-content\/uploads\/2024\/01\/1-440x240.jpg\" class=\"attachment-thumbnail size-thumbnail\" alt=\"\" \/><span class=\"d-block fw-bold text-center\">Tammikuu<\/span><\/a><div id=\"modal-69f1e21c6a4021\" class=\"fancybox-hide\"><div class=\"modal-grid__item-popup\"><div class=\"classic-editor\"><p><strong><em>Tammikuu <\/em><\/strong><em>on vastuun ottamisen, hyv\u00e4n tekemisen ja suurten lupausten kuukausi.<\/em><\/p>\n<p><em> Kukapa meist\u00e4 ei olisi joskus tehnyt uudenvuoden lupauksia, joista on vaikea pit\u00e4\u00e4 kiinni koko vuoden ajan? T\u00e4m\u00e4n haasteen kohtaa t\u00e4ss\u00e4 kuussa my\u00f6s sis\u00e4pihallamme pesiv\u00e4 V-j\u00e4nis. Voit katsella, kuinka se siin\u00e4 onnistuu, kun kurkistat hotellihuoneesi ikkunasta tammikuussa oikeaan aikaan. <\/em><\/p>\n<\/div><img loading=\"lazy\" decoding=\"async\" width=\"1080\" height=\"600\" src=\"https:\/\/vspahotel.ee\/wp-content\/uploads\/2024\/01\/1-1080x600.jpg\" class=\"attachment-img-1080x600 size-img-1080x600\" alt=\"\" srcset=\"https:\/\/vspahotel.ee\/wp-content\/uploads\/2024\/01\/1-1080x600.jpg 1080w, https:\/\/vspahotel.ee\/wp-content\/uploads\/2024\/01\/1-180x100.jpg 180w\" sizes=\"auto, (max-width: 1080px) 100vw, 1080px\" \/><\/div><\/div><\/div><div class=\"modal-grid__item\"><a href=\"#modal-69f1e21c6a4022\" class=\"ari-fancybox\" data-fancybox=\"modal-69f1e21c6a402\"><img loading=\"lazy\" decoding=\"async\" width=\"440\" height=\"240\" src=\"https:\/\/vspahotel.ee\/wp-content\/uploads\/2024\/01\/2-440x240.jpg\" class=\"attachment-thumbnail size-thumbnail\" alt=\"\" \/><span class=\"d-block fw-bold text-center\">Helmikuu<\/span><\/a><div id=\"modal-69f1e21c6a4022\" class=\"fancybox-hide\"><div class=\"modal-grid__item-popup\"><div class=\"classic-editor\"><p><strong><em>Helmikuu<\/em><\/strong><em> on rakkauden kuukausi.<\/em><\/p>\n<p><em> Yst\u00e4v\u00e4np\u00e4iv\u00e4n ja yst\u00e4vyyden teeman vallitessa kaikkialla my\u00f6s romanttiset unelmat ovat v\u00e4ist\u00e4m\u00e4tt\u00f6mi\u00e4. V-j\u00e4nist\u00e4kin askarruttaa kysymys siit\u00e4, kenen kanssa ja miten se haluaisi viett\u00e4\u00e4 t\u00e4m\u00e4n ja ensi vuoden tai sit\u00e4 seuraavan vuoden. Voit seurata, kuinka se valmistautuu yst\u00e4v\u00e4np\u00e4iv\u00e4treffeille ja mit\u00e4 siit\u00e4 seuraa, kun katsot hiljaa ulos ikkunasta sen pes\u00e4n l\u00e4helle. <\/em><\/p>\n<\/div><img loading=\"lazy\" decoding=\"async\" width=\"1080\" height=\"600\" src=\"https:\/\/vspahotel.ee\/wp-content\/uploads\/2024\/01\/2-1080x600.jpg\" class=\"attachment-img-1080x600 size-img-1080x600\" alt=\"\" srcset=\"https:\/\/vspahotel.ee\/wp-content\/uploads\/2024\/01\/2-1080x600.jpg 1080w, https:\/\/vspahotel.ee\/wp-content\/uploads\/2024\/01\/2-180x100.jpg 180w\" sizes=\"auto, (max-width: 1080px) 100vw, 1080px\" \/><\/div><\/div><\/div><div class=\"modal-grid__item\"><a href=\"#modal-69f1e21c6a4023\" class=\"ari-fancybox\" data-fancybox=\"modal-69f1e21c6a402\"><img loading=\"lazy\" decoding=\"async\" width=\"440\" height=\"240\" src=\"https:\/\/vspahotel.ee\/wp-content\/uploads\/2024\/01\/3-440x240.jpg\" class=\"attachment-thumbnail size-thumbnail\" alt=\"\" \/><span class=\"d-block fw-bold text-center\">Maaliskuu<\/span><\/a><div id=\"modal-69f1e21c6a4023\" class=\"fancybox-hide\"><div class=\"modal-grid__item-popup\"><div class=\"classic-editor\"><p><strong><em>Maaliskuu<\/em><\/strong><em> on yleinen koulujen lomakuukausi. <\/em><\/p>\n<p><em>Koulujen loma-aika on tietenkin hyv\u00e4\u00e4 aikaa lapsille pit\u00e4\u00e4 hauskaa ja p\u00e4\u00e4st\u00e4\u00e4 energiansa valloilleen haluamallaan tavalla. Sen j\u00e4lkeen on jaksettava viel\u00e4 muutama kuukausi istua kiltisti koulunpenkiss\u00e4 ja odottaa kes\u00e4lomaa. Maaliskuussa tapahtuu my\u00f6s V-j\u00e4niksen perheess\u00e4 se, mit\u00e4 monet hotellivieraidemme perheetkin kokevat. Jossain vaiheessa selvi\u00e4\u00e4, ett\u00e4 lapsilla on omat toiveensa ja ajatuksensa. V-j\u00e4niksen perheeseen syntyneet pikkuiset j\u00e4lkel\u00e4iset eiv\u00e4t suinkaan ole rauhallisia pieni\u00e4 aikuisia, vaan pikemminkin leikkisi\u00e4 karvapalleroita, joiden temmellyst\u00e4 voit seurata huoneesi ikkunasta.\u00a0 <\/em><\/p>\n<\/div><img loading=\"lazy\" decoding=\"async\" width=\"1080\" height=\"600\" src=\"https:\/\/vspahotel.ee\/wp-content\/uploads\/2024\/01\/3-1080x600.jpg\" class=\"attachment-img-1080x600 size-img-1080x600\" alt=\"\" srcset=\"https:\/\/vspahotel.ee\/wp-content\/uploads\/2024\/01\/3-1080x600.jpg 1080w, https:\/\/vspahotel.ee\/wp-content\/uploads\/2024\/01\/3-180x100.jpg 180w\" sizes=\"auto, (max-width: 1080px) 100vw, 1080px\" \/><\/div><\/div><\/div><div class=\"modal-grid__item\"><a href=\"#modal-69f1e21c6a4024\" class=\"ari-fancybox\" data-fancybox=\"modal-69f1e21c6a402\"><img loading=\"lazy\" decoding=\"async\" width=\"440\" height=\"240\" src=\"https:\/\/vspahotel.ee\/wp-content\/uploads\/2024\/01\/4-440x240.jpg\" class=\"attachment-thumbnail size-thumbnail\" alt=\"\" \/><span class=\"d-block fw-bold text-center\">Huhtikuu<\/span><\/a><div id=\"modal-69f1e21c6a4024\" class=\"fancybox-hide\"><div class=\"modal-grid__item-popup\"><div class=\"classic-editor\"><p><strong><em>Huhtikuu <\/em><\/strong><em>on liiketoiminnan ja konferenssien kuukausi. <\/em><\/p>\n<p><em>Ennen kes\u00e4n l\u00e4mpimien rantas\u00e4iden tuloa on teht\u00e4v\u00e4 viimeiset toimet, laadittava viimeiset raportit ja valmistauduttava kauteen, jolloin valkeat y\u00f6t ja l\u00e4mmin s\u00e4\u00e4 usein viev\u00e4t ajatukset pois ty\u00f6st\u00e4. Viime talven porkkanavarastoon liittyv\u00e4n kokouksen kutsuu koolle V-j\u00e4niksemme, jonka t\u00e4ytyy ratkaista porkkanavajaus ennen kylpyl\u00e4p\u00e4iv\u00e4st\u00e4 nauttimista.\u00a0 <\/em><\/p>\n<\/div><img loading=\"lazy\" decoding=\"async\" width=\"1080\" height=\"600\" src=\"https:\/\/vspahotel.ee\/wp-content\/uploads\/2024\/01\/4-1080x600.jpg\" class=\"attachment-img-1080x600 size-img-1080x600\" alt=\"\" srcset=\"https:\/\/vspahotel.ee\/wp-content\/uploads\/2024\/01\/4-1080x600.jpg 1080w, https:\/\/vspahotel.ee\/wp-content\/uploads\/2024\/01\/4-180x100.jpg 180w\" sizes=\"auto, (max-width: 1080px) 100vw, 1080px\" \/><\/div><\/div><\/div><div class=\"modal-grid__item\"><a href=\"#modal-69f1e21c6a4025\" class=\"ari-fancybox\" data-fancybox=\"modal-69f1e21c6a402\"><img loading=\"lazy\" decoding=\"async\" width=\"440\" height=\"240\" src=\"https:\/\/vspahotel.ee\/wp-content\/uploads\/2024\/01\/5-440x240.jpg\" class=\"attachment-thumbnail size-thumbnail\" alt=\"\" \/><span class=\"d-block fw-bold text-center\">Toukokuu<\/span><\/a><div id=\"modal-69f1e21c6a4025\" class=\"fancybox-hide\"><div class=\"modal-grid__item-popup\"><div class=\"classic-editor\"><p><strong><em>Toukokuu<\/em><\/strong><em> on \u00e4itienp\u00e4iv\u00e4kuukausi. <\/em><\/p>\n<p><em>T\u00e4ss\u00e4 kuussa roolit siit\u00e4, kuka huolehtii kenest\u00e4kin, usein vaihtuvat, ja lapset yritt\u00e4v\u00e4t tehd\u00e4 \u00e4ideilleen ikimuistoisia lahjoja. Kuinka se V-j\u00e4niksen pesueelta onnistuu, sit\u00e4 voit seurata, kun kev\u00e4tiltojen h\u00e4m\u00e4r\u00e4ss\u00e4 raotat hiljaa hotellihuoneesi verhoa ja odotat oikeaa hetke\u00e4. <\/em><\/p>\n<\/div><img loading=\"lazy\" decoding=\"async\" width=\"1080\" height=\"600\" src=\"https:\/\/vspahotel.ee\/wp-content\/uploads\/2024\/01\/5-1080x600.jpg\" class=\"attachment-img-1080x600 size-img-1080x600\" alt=\"\" srcset=\"https:\/\/vspahotel.ee\/wp-content\/uploads\/2024\/01\/5-1080x600.jpg 1080w, https:\/\/vspahotel.ee\/wp-content\/uploads\/2024\/01\/5-180x100.jpg 180w\" sizes=\"auto, (max-width: 1080px) 100vw, 1080px\" \/><\/div><\/div><\/div><div class=\"modal-grid__item\"><a href=\"#modal-69f1e21c6a4026\" class=\"ari-fancybox\" data-fancybox=\"modal-69f1e21c6a402\"><img loading=\"lazy\" decoding=\"async\" width=\"440\" height=\"240\" src=\"https:\/\/vspahotel.ee\/wp-content\/uploads\/2024\/01\/6-440x240.jpg\" class=\"attachment-thumbnail size-thumbnail\" alt=\"\" \/><span class=\"d-block fw-bold text-center\">Kes\u00e4kuu<\/span><\/a><div id=\"modal-69f1e21c6a4026\" class=\"fancybox-hide\"><div class=\"modal-grid__item-popup\"><div class=\"classic-editor\"><p><strong><em>Kes\u00e4kuu <\/em><\/strong><em>on juhannuskokkojen kuukausi.<\/em><\/p>\n<p><em> Puuhastelu puutarhassa, korkea juhannuskokko ja valvominen l\u00e4pi y\u00f6n ovat my\u00f6s V-j\u00e4niksillemme kes\u00e4p\u00e4iv\u00e4nseisauksen p\u00e4\u00e4teemoja. Monet muistavatkin lapsuudestaan, ett\u00e4 yhdess\u00e4 valvominen aikuisten seurassa valkeana kes\u00e4y\u00f6n\u00e4 ei ole suinkaan helpoin haaste. Kuinka pienet V-j\u00e4nikset selvi\u00e4v\u00e4t siit\u00e4, sit\u00e4 voit seurata jo itsekin. <\/em><\/p>\n<\/div><img loading=\"lazy\" decoding=\"async\" width=\"1080\" height=\"556\" src=\"https:\/\/vspahotel.ee\/wp-content\/uploads\/2024\/01\/6-1080x556.jpg\" class=\"attachment-img-1080x600 size-img-1080x600\" alt=\"\" \/><\/div><\/div><\/div><div class=\"modal-grid__item\"><a href=\"#modal-69f1e21c6a4027\" class=\"ari-fancybox\" data-fancybox=\"modal-69f1e21c6a402\"><img loading=\"lazy\" decoding=\"async\" width=\"440\" height=\"240\" src=\"https:\/\/vspahotel.ee\/wp-content\/uploads\/2024\/01\/1-440x240.jpg\" class=\"attachment-thumbnail size-thumbnail\" alt=\"\" \/><span class=\"d-block fw-bold text-center\">Hein\u00e4kuu<\/span><\/a><div id=\"modal-69f1e21c6a4027\" class=\"fancybox-hide\"><div class=\"modal-grid__item-popup\"><div class=\"classic-editor\"><p><strong><em>Hein\u00e4kuu<\/em><\/strong><em> on suosittu lomakuukausi.<\/em><\/p>\n<p><em> Hyv\u00e4ll\u00e4 tuurilla s\u00e4\u00e4 on kaunis, mutta jostain syyst\u00e4 asumme siin\u00e4 osassa maailmaa, jossa kes\u00e4n suosituin lomakuukausi voi olla auringonpaisteen sijaan sateinen. Sit\u00e4, onko s\u00e4\u00e4 suotuisa V-j\u00e4niksille, jotka ovat p\u00e4\u00e4tt\u00e4neet l\u00e4hte\u00e4 rannalle, ja mihin se kaikki johtaa, voivat seurata kaikki pihahuoneidemme vieraat ikkunoistaan. <\/em><\/p>\n<\/div><img loading=\"lazy\" decoding=\"async\" width=\"1080\" height=\"600\" src=\"https:\/\/vspahotel.ee\/wp-content\/uploads\/2024\/01\/1-1080x600.jpg\" class=\"attachment-img-1080x600 size-img-1080x600\" alt=\"\" srcset=\"https:\/\/vspahotel.ee\/wp-content\/uploads\/2024\/01\/1-1080x600.jpg 1080w, https:\/\/vspahotel.ee\/wp-content\/uploads\/2024\/01\/1-180x100.jpg 180w\" sizes=\"auto, (max-width: 1080px) 100vw, 1080px\" \/><\/div><\/div><\/div><div class=\"modal-grid__item\"><a href=\"#modal-69f1e21c6a4028\" class=\"ari-fancybox\" data-fancybox=\"modal-69f1e21c6a402\"><img loading=\"lazy\" decoding=\"async\" width=\"440\" height=\"240\" src=\"https:\/\/vspahotel.ee\/wp-content\/uploads\/2024\/01\/8-440x240.jpg\" class=\"attachment-thumbnail size-thumbnail\" alt=\"\" \/><span class=\"d-block fw-bold text-center\">Elokuu<\/span><\/a><div id=\"modal-69f1e21c6a4028\" class=\"fancybox-hide\"><div class=\"modal-grid__item-popup\"><div class=\"classic-editor\"><p><strong><em>Elokuu<\/em><\/strong><em> on virolaisille ep\u00e4ilem\u00e4tt\u00e4 ulkoilmatapahtumien kuukausi.<\/em><\/p>\n<p><em> Loppukes\u00e4n l\u00e4mpimimp\u00e4n\u00e4 aikana sek\u00e4 Tartossa ett\u00e4 Etel\u00e4-Virossa j\u00e4rjestet\u00e4\u00e4n kiehtovia tapahtumia, joita my\u00f6sk\u00e4\u00e4n V-j\u00e4niksemme ei halua j\u00e4tt\u00e4\u00e4 v\u00e4liin. Elokuu on ihanteellinen aika tutustua n\u00e4ht\u00e4vyyksiin. Ei liian kylm\u00e4 eik\u00e4 liian kuuma. Ei liian h\u00e4m\u00e4r\u00e4 eik\u00e4 liian valoisa. Kaikkea on sopivasti. Itselle mieluisimman toiminnan l\u00f6yt\u00e4minen voi kuitenkin olla haasteellista. Kuinka V-j\u00e4niksien perheemme siin\u00e4 onnistuu, sen voit n\u00e4hd\u00e4 hyvin pian. <\/em><\/p>\n<\/div><img loading=\"lazy\" decoding=\"async\" width=\"1080\" height=\"600\" src=\"https:\/\/vspahotel.ee\/wp-content\/uploads\/2024\/01\/8-1080x600.jpg\" class=\"attachment-img-1080x600 size-img-1080x600\" alt=\"\" srcset=\"https:\/\/vspahotel.ee\/wp-content\/uploads\/2024\/01\/8-1080x600.jpg 1080w, https:\/\/vspahotel.ee\/wp-content\/uploads\/2024\/01\/8-180x100.jpg 180w\" sizes=\"auto, (max-width: 1080px) 100vw, 1080px\" \/><\/div><\/div><\/div><div class=\"modal-grid__item\"><a href=\"#modal-69f1e21c6a4029\" class=\"ari-fancybox\" data-fancybox=\"modal-69f1e21c6a402\"><img loading=\"lazy\" decoding=\"async\" width=\"440\" height=\"240\" src=\"https:\/\/vspahotel.ee\/wp-content\/uploads\/2024\/01\/9-440x240.jpg\" class=\"attachment-thumbnail size-thumbnail\" alt=\"\" \/><span class=\"d-block fw-bold text-center\">Syyskuu<\/span><\/a><div id=\"modal-69f1e21c6a4029\" class=\"fancybox-hide\"><div class=\"modal-grid__item-popup\"><div class=\"classic-editor\"><p><strong><em>Syyskuu <\/em><\/strong><em>on viisauden kuukausi Tartossa.<\/em><\/p>\n<p><em> Viron vanhimmassa yliopistokaupungissa sek\u00e4 nuoremmat ett\u00e4 vanhemmat opiskelijat menev\u00e4t kouluun, ja koko kaupunki hengitt\u00e4\u00e4 opiskelevan nuorison tahdissa t\u00e4m\u00e4n viisauden kuukauden aikana. Syksyisin hotelliimme tulee my\u00f6s uusia lahjakkaita nuoria aloittamaan uramatkansa koulun ohella. Sit\u00e4, mit\u00e4 tekev\u00e4t s\u00f6p\u00f6t V-j\u00e4nikset samaan aikaan, voit seurata katsomalla ulos verhojen v\u00e4list\u00e4 syyskuun iltojen h\u00e4m\u00e4r\u00e4ss\u00e4. <\/em><\/p>\n<\/div><img loading=\"lazy\" decoding=\"async\" width=\"1080\" height=\"600\" src=\"https:\/\/vspahotel.ee\/wp-content\/uploads\/2024\/01\/9-1080x600.jpg\" class=\"attachment-img-1080x600 size-img-1080x600\" alt=\"\" srcset=\"https:\/\/vspahotel.ee\/wp-content\/uploads\/2024\/01\/9-1080x600.jpg 1080w, https:\/\/vspahotel.ee\/wp-content\/uploads\/2024\/01\/9-180x100.jpg 180w\" sizes=\"auto, (max-width: 1080px) 100vw, 1080px\" \/><\/div><\/div><\/div><div class=\"modal-grid__item\"><a href=\"#modal-69f1e21c6a40210\" class=\"ari-fancybox\" data-fancybox=\"modal-69f1e21c6a402\"><img loading=\"lazy\" decoding=\"async\" width=\"440\" height=\"240\" src=\"https:\/\/vspahotel.ee\/wp-content\/uploads\/2024\/01\/10-440x240.jpg\" class=\"attachment-thumbnail size-thumbnail\" alt=\"\" \/><span class=\"d-block fw-bold text-center\">Lokakuu<\/span><\/a><div id=\"modal-69f1e21c6a40210\" class=\"fancybox-hide\"><div class=\"modal-grid__item-popup\"><div class=\"classic-editor\"><p><strong><em>Lokakuu <\/em><\/strong><em>on yleisesti tunnettu Halloween-kuukautena.<\/em><\/p>\n<p><em> My\u00f6sk\u00e4\u00e4n V-j\u00e4niksiemme perhe ei voi paeta t\u00e4t\u00e4 perinnett\u00e4. Ne juhlivat Halloweenia vain V-j\u00e4niksille tyypilliseen tapaan, kuten kaikkia muitakin asioita. Keneksi puput pukeutuvat ja mik\u00e4 on heid\u00e4n mielest\u00e4\u00e4n pelottavin asu? Mik\u00e4\u00e4n ei j\u00e4\u00e4 salaisuudeksi, jos satut kurkistamaan ikkunasta niiden tekemisi\u00e4 lokakuussa.\u00a0\u00a0\u00a0\u00a0 <\/em><\/p>\n<\/div><img loading=\"lazy\" decoding=\"async\" width=\"1080\" height=\"600\" src=\"https:\/\/vspahotel.ee\/wp-content\/uploads\/2024\/01\/10-1080x600.jpg\" class=\"attachment-img-1080x600 size-img-1080x600\" alt=\"\" srcset=\"https:\/\/vspahotel.ee\/wp-content\/uploads\/2024\/01\/10-1080x600.jpg 1080w, https:\/\/vspahotel.ee\/wp-content\/uploads\/2024\/01\/10-180x100.jpg 180w\" sizes=\"auto, (max-width: 1080px) 100vw, 1080px\" \/><\/div><\/div><\/div><div class=\"modal-grid__item\"><a href=\"#modal-69f1e21c6a40211\" class=\"ari-fancybox\" data-fancybox=\"modal-69f1e21c6a402\"><img loading=\"lazy\" decoding=\"async\" width=\"440\" height=\"240\" src=\"https:\/\/vspahotel.ee\/wp-content\/uploads\/2024\/01\/11-440x240.jpg\" class=\"attachment-thumbnail size-thumbnail\" alt=\"\" \/><span class=\"d-block fw-bold text-center\">Marraskuu<\/span><\/a><div id=\"modal-69f1e21c6a40211\" class=\"fancybox-hide\"><div class=\"modal-grid__item-popup\"><div class=\"classic-editor\"><p><strong><em>Marraskuu<\/em><\/strong><em> on kylpyl\u00e4el\u00e4mysten kuukausi.<\/em><\/p>\n<p><em> Pime\u00e4t y\u00f6t ja viile\u00e4 s\u00e4\u00e4 saavat luonnon lomatunnelmaan ja tarjoavat miellytt\u00e4v\u00e4n mahdollisuuden huolehtia itsest\u00e4mme niin meille kuin V-j\u00e4niksillekin. Voit katsella syysiltoina, kuinka V-j\u00e4nikset nauttivat vesipuistostamme, kun kurkistat hiljaa hotellihuoneesi ikkunasta oikeaan aikaan. Varmuuden vuoksi varoitamme, ett\u00e4 sen j\u00e4lkeen saatat my\u00f6s tuntea vastustamatonta kaipuuta l\u00e4mpim\u00e4\u00e4n kylpyl\u00e4vierailuun. <\/em><\/p>\n<\/div><img loading=\"lazy\" decoding=\"async\" width=\"1080\" height=\"600\" src=\"https:\/\/vspahotel.ee\/wp-content\/uploads\/2024\/01\/11-1080x600.jpg\" class=\"attachment-img-1080x600 size-img-1080x600\" alt=\"\" srcset=\"https:\/\/vspahotel.ee\/wp-content\/uploads\/2024\/01\/11-1080x600.jpg 1080w, https:\/\/vspahotel.ee\/wp-content\/uploads\/2024\/01\/11-180x100.jpg 180w\" sizes=\"auto, (max-width: 1080px) 100vw, 1080px\" \/><\/div><\/div><\/div><div class=\"modal-grid__item\"><a href=\"#modal-69f1e21c6a40212\" class=\"ari-fancybox\" data-fancybox=\"modal-69f1e21c6a402\"><img loading=\"lazy\" decoding=\"async\" width=\"440\" height=\"240\" src=\"https:\/\/vspahotel.ee\/wp-content\/uploads\/2024\/01\/12-440x240.jpg\" class=\"attachment-thumbnail size-thumbnail\" alt=\"\" \/><span class=\"d-block fw-bold text-center\">Joulukuu<\/span><\/a><div id=\"modal-69f1e21c6a40212\" class=\"fancybox-hide\"><div class=\"modal-grid__item-popup\"><div class=\"classic-editor\"><p><strong><em>Joulukuu <\/em><\/strong><em>on suosikki lomakuukautemme.<\/em><\/p>\n<p><em> Joulun odotuksella, lahjoilla ja uudenvuodenaaton valmisteluilla on kaikilla paikkansa hotellissamme. Joulun aikaan V-j\u00e4nikset p\u00e4\u00e4tt\u00e4v\u00e4t tehd\u00e4 asiat erityisen helpoiksi joulupukille. Voit seurata niiden juhlapyhien valmisteluja ja uudenvuoden juhlaa huoneesi ikkunasta. Kauniita pyhi\u00e4 ja hyv\u00e4\u00e4 V-j\u00e4niksen vuoden loppua kaikille! <\/em><\/p>\n<\/div><img loading=\"lazy\" decoding=\"async\" width=\"1080\" height=\"600\" src=\"https:\/\/vspahotel.ee\/wp-content\/uploads\/2024\/01\/12-1080x600.jpg\" class=\"attachment-img-1080x600 size-img-1080x600\" alt=\"\" srcset=\"https:\/\/vspahotel.ee\/wp-content\/uploads\/2024\/01\/12-1080x600.jpg 1080w, https:\/\/vspahotel.ee\/wp-content\/uploads\/2024\/01\/12-180x100.jpg 180w\" sizes=\"auto, (max-width: 1080px) 100vw, 1080px\" \/><\/div><\/div><\/div><\/div><\/div>","protected":false},"excerpt":{"rendered":"<p>Olet nyt V-J\u00e4niksen huoneessa! Sinulla k\u00e4vi tuuri! V spahotellissa on 21 erikoishuonetta, joissa hotellivierailla on mahdollisuus seurata maskottimme, V-j\u00e4niksen, ja&#8230;<\/p>\n","protected":false},"author":1,"featured_media":0,"parent":0,"menu_order":200,"comment_status":"closed","ping_status":"closed","template":"","meta":{"_acf_changed":true,"inline_featured_image":false,"footnotes":""},"class_list":["post-4752","page","type-page","status-publish","hentry"],"acf":[],"_links":{"self":[{"href":"https:\/\/vspahotel.ee\/fi\/wp-json\/wp\/v2\/pages\/4752","targetHints":{"allow":["GET"]}}],"collection":[{"href":"https:\/\/vspahotel.ee\/fi\/wp-json\/wp\/v2\/pages"}],"about":[{"href":"https:\/\/vspahotel.ee\/fi\/wp-json\/wp\/v2\/types\/page"}],"author":[{"embeddable":true,"href":"https:\/\/vspahotel.ee\/fi\/wp-json\/wp\/v2\/users\/1"}],"replies":[{"embeddable":true,"href":"https:\/\/vspahotel.ee\/fi\/wp-json\/wp\/v2\/comments?post=4752"}],"version-history":[{"count":0,"href":"https:\/\/vspahotel.ee\/fi\/wp-json\/wp\/v2\/pages\/4752\/revisions"}],"wp:attachment":[{"href":"https:\/\/vspahotel.ee\/fi\/wp-json\/wp\/v2\/media?parent=4752"}],"curies":[{"name":"wp","href":"https:\/\/api.w.org\/{rel}","templated":true}]}}