{"id":3688,"date":"2023-11-15T06:53:04","date_gmt":"2023-11-15T06:53:04","guid":{"rendered":"https:\/\/vspahotel.ee\/kontakt\/"},"modified":"2024-02-29T10:07:07","modified_gmt":"2024-02-29T10:07:07","slug":"kontakt","status":"publish","type":"page","link":"https:\/\/vspahotel.ee\/lv\/kontakt\/","title":{"rendered":"Kontakti"},"content":{"rendered":"\n<div class=\"wp-block-columns is-layout-flex wp-container-core-columns-is-layout-28f84493 wp-block-columns-is-layout-flex\">\n<div class=\"wp-block-column is-layout-flow wp-block-column-is-layout-flow\">\n<p class=\"wp-el\"><strong>Viesn\u012bcas administr\u0101cija:<\/strong><br>(+372) 677 6677<br><a href=\"mailto:info@vspahotel.ee\">info@vspahotel.ee<\/a><\/p>\n<\/div>\n\n\n\n<div class=\"wp-block-column is-layout-flow wp-block-column-is-layout-flow\">\n<p class=\"wp-el\"><strong>Spa klientu apkalpo\u0161ana:<\/strong><br>(+372) 740 4070<br><a href=\"mailto:info@vspa.ee\">info@vspa.ee<\/a><\/p>\n<\/div>\n\n\n\n<div class=\"wp-block-column is-layout-flow wp-block-column-is-layout-flow\">\n<p class=\"wp-el\"><strong><strong>Restor\u0101ns Joyce<\/strong>:<\/strong><br>(+372)&nbsp;53 217&nbsp;500<br><a href=\"mailto:info@vspahotel.ee\">restoran@vspahotel.ee<\/a><\/p>\n<\/div>\n<\/div>\n\n\n\n<div class=\"wp-block-columns is-layout-flex wp-container-core-columns-is-layout-28f84493 wp-block-columns-is-layout-flex\">\n<div class=\"wp-block-column is-layout-flow wp-block-column-is-layout-flow\">\n<p class=\"wp-el\"><strong><a href=\"http:\/\/www.vcafe.ee\/\" rel=\"nofollow noopener\" target=\"_blank\">V Caf\u00e9<\/a>:<br><\/strong>(+372) 56 988 955<br><a href=\"mailto:vcafe@vspahotel.ee\">vcafe@vspahotel.ee<\/a>&nbsp;<\/p>\n<\/div>\n\n\n\n<div class=\"wp-block-column is-layout-flow wp-block-column-is-layout-flow\">\n<p class=\"wp-el\"><strong>V SpaaHotell O\u00dc<br><\/strong>Riia 2, Tartu, 51004, Eesti<br>Reg. Nr. 12850301<br>Kmkr nr. EE101797063<br>IBAN kood: EE407700771002000845<\/p>\n<\/div>\n\n\n\n<div class=\"wp-block-column is-layout-flow wp-block-column-is-layout-flow\">\n<p class=\"wp-el\"><\/p>\n<\/div>\n<\/div>\n\n\n<div class=\"ama-block block-txtmap\"><div class=\"block-txtmap__content\"><div class=\"acf-innerblocks-container\">\n\n<h2 class=\"wp-block-heading has-primary-color has-text-color has-link-color wp-elements-5a2ae41a23a97f1950254752f5d57cf2 wp-el\">Uzrakstiet mums<\/h2>\n\n\n\n<div class=\"wp-block-contact-form-7-contact-form-selector\">\n<div class=\"wpcf7 no-js\" id=\"wpcf7-f3336-o1\" lang=\"lv-LV\" dir=\"ltr\" data-wpcf7-id=\"3336\">\n<div class=\"screen-reader-response\"><p role=\"status\" aria-live=\"polite\" aria-atomic=\"true\"><\/p> <ul><\/ul><\/div>\n<form action=\"\/lv\/wp-json\/wp\/v2\/pages\/3688#wpcf7-f3336-o1\" method=\"post\" class=\"wpcf7-form init\" aria-label=\"Contact form\" novalidate=\"novalidate\" data-status=\"init\">\n<fieldset class=\"hidden-fields-container\"><input type=\"hidden\" name=\"_wpcf7\" value=\"3336\" \/><input type=\"hidden\" name=\"_wpcf7_version\" value=\"6.1.5\" \/><input type=\"hidden\" name=\"_wpcf7_locale\" value=\"lv_LV\" \/><input type=\"hidden\" name=\"_wpcf7_unit_tag\" value=\"wpcf7-f3336-o1\" \/><input type=\"hidden\" name=\"_wpcf7_container_post\" value=\"0\" \/><input type=\"hidden\" name=\"_wpcf7_posted_data_hash\" value=\"\" \/><input type=\"hidden\" name=\"_wpcf7cf_hidden_group_fields\" value=\"[]\" \/><input type=\"hidden\" name=\"_wpcf7cf_hidden_groups\" value=\"[]\" \/><input type=\"hidden\" name=\"_wpcf7cf_visible_groups\" value=\"[]\" \/><input type=\"hidden\" name=\"_wpcf7cf_repeaters\" value=\"[]\" \/><input type=\"hidden\" name=\"_wpcf7cf_steps\" value=\"{}\" \/><input type=\"hidden\" name=\"_wpcf7cf_options\" value=\"{&quot;form_id&quot;:3336,&quot;conditions&quot;:[],&quot;settings&quot;:{&quot;animation&quot;:&quot;yes&quot;,&quot;animation_intime&quot;:200,&quot;animation_outtime&quot;:200,&quot;conditions_ui&quot;:&quot;normal&quot;,&quot;notice_dismissed&quot;:false,&quot;notice_dismissed_rollback-cf7-5.8.3&quot;:true,&quot;notice_dismissed_rollback-cf7-5.8.6&quot;:true,&quot;notice_dismissed_rollback-cf7-5.9.3&quot;:true,&quot;notice_dismissed_rollback-cf7-5.9.4&quot;:true}}\" \/><input type=\"hidden\" name=\"_wpcf7dtx_version\" value=\"5.0.5\" \/><input type=\"hidden\" name=\"_wpcf7_recaptcha_response\" value=\"\" \/>\n<\/fieldset>\n<span class=\"wpcf7-form-control-wrap\" data-name=\"your-name\"><input size=\"40\" maxlength=\"400\" class=\"wpcf7-form-control wpcf7-text wpcf7-validates-as-required\" autocomplete=\"name\" aria-required=\"true\" aria-invalid=\"false\" placeholder=\"Tavs v\u0101rds *\" value=\"\" type=\"text\" name=\"your-name\" \/><\/span>\n<span class=\"wpcf7-form-control-wrap\" data-name=\"your-email\"><input size=\"40\" maxlength=\"400\" class=\"wpcf7-form-control wpcf7-email wpcf7-validates-as-required wpcf7-text wpcf7-validates-as-email\" autocomplete=\"email\" aria-required=\"true\" aria-invalid=\"false\" placeholder=\"Tavs e-pasts *\" value=\"\" type=\"email\" name=\"your-email\" \/><\/span>\n<span class=\"wpcf7-form-control-wrap\" data-name=\"your-message\"><textarea cols=\"40\" rows=\"10\" maxlength=\"2000\" class=\"wpcf7-form-control wpcf7-textarea wpcf7-validates-as-required\" aria-required=\"true\" aria-invalid=\"false\" placeholder=\"V\u0113stules saturs *\" name=\"your-message\"><\/textarea><\/span>\n\n<button type=\"submit\" class=\"btn\">S\u016bt\u012bt<\/button><div class=\"wpcf7-response-output\" aria-hidden=\"true\"><\/div>\n<\/form>\n<\/div>\n<\/div>\n\n<\/div><\/div><div class=\"block-txtmap__media\"><div class=\"acf-map\" data-zoom=\"15\"><div class=\"marker\" data-lat=\"58.376453\" data-lng=\"26.7287496\"><\/div><\/div><\/div><\/div>\n\n<div class=\"ama-block block-posts-grid block-employees\"><div class=\"block__header\"><h2>M\u016bsu darbinieki<\/h2><\/div><div class=\"block__body\"><div class=\"post-item employee-item\"><div class=\"item__thumb\"><img loading=\"lazy\" decoding=\"async\" width=\"440\" height=\"240\" src=\"https:\/\/vspahotel.ee\/wp-content\/uploads\/2023\/11\/vSpa-Hotell-veeb-_T_04618-Edit-440x240.jpg\" class=\"attachment-thumbnail size-thumbnail wp-post-image\" alt=\"\" \/><\/div><div class=\"item__content\"><p class=\"h-font fw-bold\">Triinu Teras<\/p><p class=\"employee-job\">Viesn\u012bcas vad\u012bt\u0101js<\/p><div class=\"contact-methods\"><p>Phone <a href=\"tel:+3726117453\" class=\"d-inline-flex flex-wrap align-items-center\">+372 611 7453<\/a><\/p><p>E-mail <a href=\"mailto:triinu@vspahotel.ee\" class=\"d-inline-flex flex-wrap align-items-center\">triinu@vspahotel.ee<\/a><\/p><\/div><\/div><\/div><div class=\"post-item employee-item\"><div class=\"item__thumb\"><img loading=\"lazy\" decoding=\"async\" width=\"440\" height=\"240\" src=\"https:\/\/vspahotel.ee\/wp-content\/uploads\/2023\/12\/employee-fallback.png\" class=\"attachment-thumbnail size-thumbnail\" alt=\"\" srcset=\"https:\/\/vspahotel.ee\/wp-content\/uploads\/2023\/12\/employee-fallback.png 440w, https:\/\/vspahotel.ee\/wp-content\/uploads\/2023\/12\/employee-fallback-110x60.png 110w, https:\/\/vspahotel.ee\/wp-content\/uploads\/2023\/12\/employee-fallback-100x55.png 100w, https:\/\/vspahotel.ee\/wp-content\/uploads\/2023\/12\/employee-fallback-40x22.png 40w\" sizes=\"auto, (max-width: 440px) 100vw, 440px\" \/><\/div><div class=\"item__content\"><p class=\"h-font fw-bold\">Jaanika Prangel<\/p><p class=\"employee-job\">M\u0101rketinga mened\u017eeris<\/p><div class=\"contact-methods\"><p>Phone <a href=\"tel:+3726117452\" class=\"d-inline-flex flex-wrap align-items-center\">+372 611 7452<\/a><\/p><p>E-mail <a href=\"mailto:jaanika@vspahotel.ee\" class=\"d-inline-flex flex-wrap align-items-center\">jaanika@vspahotel.ee<\/a><\/p><\/div><\/div><\/div><div class=\"post-item employee-item\"><div class=\"item__thumb\"><img loading=\"lazy\" decoding=\"async\" width=\"440\" height=\"240\" src=\"https:\/\/vspahotel.ee\/wp-content\/uploads\/2023\/11\/C2E8B486-AB40-40FE-82AE-94E75D4D7F4B-440x240.jpeg\" class=\"attachment-thumbnail size-thumbnail wp-post-image\" alt=\"\" \/><\/div><div class=\"item__content\"><p class=\"h-font fw-bold\">Evely Nurm<\/p><p class=\"employee-job\">P\u0101rdo\u0161anas un ie\u0146\u0113mumu mened\u017eeris<\/p><div class=\"contact-methods\"><p>Phone <a href=\"tel:+3726117451\" class=\"d-inline-flex flex-wrap align-items-center\">+372 611 7451<\/a><\/p><p>E-mail <a href=\"mailto:evely@vspahotel.ee\" class=\"d-inline-flex flex-wrap align-items-center\">evely@vspahotel.ee<\/a><\/p><\/div><\/div><\/div><div class=\"post-item employee-item\"><div class=\"item__thumb\"><img loading=\"lazy\" decoding=\"async\" width=\"440\" height=\"240\" src=\"https:\/\/vspahotel.ee\/wp-content\/uploads\/2023\/11\/vSpa-Hotell-veeb-_T_04824-Edit-440x240.jpg\" class=\"attachment-thumbnail size-thumbnail wp-post-image\" alt=\"\" \/><\/div><div class=\"item__content\"><p class=\"h-font fw-bold\">Joanna Kaldma<\/p><p class=\"employee-job\">P\u0101rdo\u0161anas un m\u0101rketinga speci\u0101lists<\/p><div class=\"contact-methods\"><p>Phone <a href=\"tel:+3726117450\" class=\"d-inline-flex flex-wrap align-items-center\">+372 611 7450<\/a><\/p><p>E-mail <a href=\"mailto:joanna@vspahotel.ee\" class=\"d-inline-flex flex-wrap align-items-center\">joanna@vspahotel.ee<\/a><\/p><\/div><\/div><\/div><div class=\"post-item employee-item\"><div class=\"item__thumb\"><img loading=\"lazy\" decoding=\"async\" width=\"440\" height=\"240\" src=\"https:\/\/vspahotel.ee\/wp-content\/uploads\/2023\/11\/398DBC0F-68B1-42B7-BCD6-904D5E5E3770-440x240.jpeg\" class=\"attachment-thumbnail size-thumbnail wp-post-image\" alt=\"\" \/><\/div><div class=\"item__content\"><p class=\"h-font fw-bold\">Kerli Pauskar<\/p><p class=\"employee-job\">Konferen\u010du un pas\u0101kumu vad\u012bt\u0101js<\/p><div class=\"contact-methods\"><p>Phone <a href=\"tel:+3726117457\" class=\"d-inline-flex flex-wrap align-items-center\">+372 611 7457<\/a><\/p><p>E-mail <a href=\"mailto:kerli@vspahotel.ee\" class=\"d-inline-flex flex-wrap align-items-center\">kerli@vspahotel.ee<\/a><\/p><\/div><\/div><\/div><div class=\"post-item employee-item\"><div class=\"item__thumb\"><img loading=\"lazy\" decoding=\"async\" width=\"440\" height=\"240\" src=\"https:\/\/vspahotel.ee\/wp-content\/uploads\/2023\/11\/DSC04623-scaled-1-440x240.jpg\" class=\"attachment-thumbnail size-thumbnail wp-post-image\" alt=\"\" \/><\/div><div class=\"item__content\"><p class=\"h-font fw-bold\">Birgit Paberit<\/p><p class=\"employee-job\">Priek\u0161\u0113j\u0101 biroja vad\u012bt\u0101js<\/p><div class=\"contact-methods\"><p>Phone <a href=\"tel:+3726117455\" class=\"d-inline-flex flex-wrap align-items-center\">+372 611 7455<\/a><\/p><p>E-mail <a href=\"mailto:birgit@vspahotel.ee\" class=\"d-inline-flex flex-wrap align-items-center\">birgit@vspahotel.ee<\/a><\/p><\/div><\/div><\/div><div class=\"post-item employee-item\"><div class=\"item__thumb\"><img loading=\"lazy\" decoding=\"async\" width=\"440\" height=\"240\" src=\"https:\/\/vspahotel.ee\/wp-content\/uploads\/2023\/11\/vSpa-Hotell-Veeb-_5T_7876-Edit-440x240.jpg\" class=\"attachment-thumbnail size-thumbnail wp-post-image\" alt=\"\" \/><\/div><div class=\"item__content\"><p class=\"h-font fw-bold\">Dilja Gusseinova<\/p><p class=\"employee-job\">M\u0101jtur\u012bbas vad\u012bt\u0101js<\/p><div class=\"contact-methods\"><p>Phone <a href=\"tel:+3726115666\" class=\"d-inline-flex flex-wrap align-items-center\">+372 611 5666<\/a><\/p><p>E-mail <a href=\"mailto:dilja@vspahotel.ee\" class=\"d-inline-flex flex-wrap align-items-center\">dilja@vspahotel.ee<\/a><\/p><\/div><\/div><\/div><div class=\"post-item employee-item\"><div class=\"item__thumb\"><img loading=\"lazy\" decoding=\"async\" width=\"440\" height=\"240\" src=\"https:\/\/vspahotel.ee\/wp-content\/uploads\/2023\/12\/employee-fallback.png\" class=\"attachment-thumbnail size-thumbnail wp-post-image\" alt=\"\" srcset=\"https:\/\/vspahotel.ee\/wp-content\/uploads\/2023\/12\/employee-fallback.png 440w, https:\/\/vspahotel.ee\/wp-content\/uploads\/2023\/12\/employee-fallback-110x60.png 110w, https:\/\/vspahotel.ee\/wp-content\/uploads\/2023\/12\/employee-fallback-100x55.png 100w, https:\/\/vspahotel.ee\/wp-content\/uploads\/2023\/12\/employee-fallback-40x22.png 40w\" sizes=\"auto, (max-width: 440px) 100vw, 440px\" \/><\/div><div class=\"item__content\"><p class=\"h-font fw-bold\">Marjo H\u00f5im<\/p><p class=\"employee-job\">F&amp;B mened\u017eeris<\/p><div class=\"contact-methods\"><p>Phone <a href=\"tel:+37258535929\" class=\"d-inline-flex flex-wrap align-items-center\">+37258535929<\/a><\/p><p>E-mail <a href=\"mailto:marjo@vspahotel.ee\" class=\"d-inline-flex flex-wrap align-items-center\">marjo@vspahotel.ee<\/a><\/p><\/div><\/div><\/div><div class=\"post-item employee-item\"><div class=\"item__thumb\"><img loading=\"lazy\" decoding=\"async\" width=\"440\" height=\"240\" src=\"https:\/\/vspahotel.ee\/wp-content\/uploads\/2023\/11\/IMGL5798_fullsize_fotograaf.lauri_.laan_-440x240.jpg\" class=\"attachment-thumbnail size-thumbnail wp-post-image\" alt=\"\" \/><\/div><div class=\"item__content\"><p class=\"h-font fw-bold\">Janis Dancis<\/p><p class=\"employee-job\">Restor\u0101na Joyce \u0161efpav\u0101rs<\/p><div class=\"contact-methods\"><p>Phone <a href=\"tel:+37256717141\" class=\"d-inline-flex flex-wrap align-items-center\">+372 5671 7141<\/a><\/p><p>E-mail <a href=\"mailto:janis@vspahotel.ee\" class=\"d-inline-flex flex-wrap align-items-center\">janis@vspahotel.ee<\/a><\/p><\/div><\/div><\/div><div class=\"post-item employee-item\"><div class=\"item__thumb\"><img loading=\"lazy\" decoding=\"async\" width=\"440\" height=\"240\" src=\"https:\/\/vspahotel.ee\/wp-content\/uploads\/2023\/11\/vSpa-Hotell-Veeb-_5T_7717-Edit-440x240.jpg\" class=\"attachment-thumbnail size-thumbnail wp-post-image\" alt=\"\" \/><\/div><div class=\"item__content\"><p class=\"h-font fw-bold\">Anni Nahkur<\/p><p class=\"employee-job\">Pav\u0101ra pal\u012bgs<\/p><div class=\"contact-methods\"><p>Phone <a href=\"tel:+37258180542\" class=\"d-inline-flex flex-wrap align-items-center\">+372 5818 0542<\/a><\/p><p>E-mail <a href=\"mailto:anni@vspahotel.ee\" class=\"d-inline-flex flex-wrap align-items-center\">anni@vspahotel.ee<\/a><\/p><\/div><\/div><\/div><\/div><\/div>","protected":false},"excerpt":{"rendered":"<p>Viesn\u012bcas administr\u0101cija:(+372) 677 6677info@vspahotel.ee Spa klientu apkalpo\u0161ana:(+372) 740 4070info@vspa.ee Restor\u0101ns Joyce:(+372)&nbsp;53 217&nbsp;500restoran@vspahotel.ee V Caf\u00e9:(+372) 56 988 955vcafe@vspahotel.ee&nbsp; V SpaaHotell O\u00dcRiia&#8230;<\/p>\n","protected":false},"author":1,"featured_media":0,"parent":0,"menu_order":110,"comment_status":"closed","ping_status":"closed","template":"","meta":{"_acf_changed":false,"inline_featured_image":false,"footnotes":""},"class_list":["post-3688","page","type-page","status-publish","hentry"],"acf":[],"_links":{"self":[{"href":"https:\/\/vspahotel.ee\/lv\/wp-json\/wp\/v2\/pages\/3688","targetHints":{"allow":["GET"]}}],"collection":[{"href":"https:\/\/vspahotel.ee\/lv\/wp-json\/wp\/v2\/pages"}],"about":[{"href":"https:\/\/vspahotel.ee\/lv\/wp-json\/wp\/v2\/types\/page"}],"author":[{"embeddable":true,"href":"https:\/\/vspahotel.ee\/lv\/wp-json\/wp\/v2\/users\/1"}],"replies":[{"embeddable":true,"href":"https:\/\/vspahotel.ee\/lv\/wp-json\/wp\/v2\/comments?post=3688"}],"version-history":[{"count":0,"href":"https:\/\/vspahotel.ee\/lv\/wp-json\/wp\/v2\/pages\/3688\/revisions"}],"wp:attachment":[{"href":"https:\/\/vspahotel.ee\/lv\/wp-json\/wp\/v2\/media?parent=3688"}],"curies":[{"name":"wp","href":"https:\/\/api.w.org\/{rel}","templated":true}]}}