{"id":3697,"date":"2023-11-15T06:43:49","date_gmt":"2023-11-15T06:43:49","guid":{"rendered":"https:\/\/vspahotel.ee\/hotelli-kodukord\/"},"modified":"2024-02-02T18:53:49","modified_gmt":"2024-02-02T18:53:49","slug":"hotelli-kodukord","status":"publish","type":"page","link":"https:\/\/vspahotel.ee\/lv\/hotell\/hotelli-kodukord\/","title":{"rendered":"Viesn\u012bcas noteikumi"},"content":{"rendered":"<div class=\"ama-block block-txtmedia\"><div class=\"block-txtmedia__content\"><div class=\"acf-innerblocks-container\">\n\n<h2 class=\"wp-block-heading has-primary-color has-text-color has-link-color wp-elements-13a25fb7aca1b33c2ae8e070a4e4567c wp-el\">M\u0101jdz\u012bvnieki<\/h2>\n\n\n\n<p class=\"wp-el\">Cien\u012bjamie viesi, atg\u0101din\u0101m, ka <strong>V Spa Hotel<\/strong> m\u0101jdz\u012bvnieki nav at\u013cauti. Noteikumu p\u0101rk\u0101p\u0161anas gad\u012bjum\u0101 tiks piem\u0113rots naudas sods <strong>\u20ac200\/m\u0101jdz\u012bvnieks<\/strong>.<\/p>\n\n\n\n<h2 class=\"wp-block-heading has-primary-color has-text-color has-link-color wp-elements-3b8ddb12db86db12756683eab419c786 wp-el\">Sm\u0113\u0137\u0113\u0161ana<\/h2>\n\n\n\n<p class=\"wp-el\"><strong>Sm\u0113\u0137\u0113\u0161ana telp\u0101s ir aizliegta!<\/strong><br\/>Noteikumu p\u0101rk\u0101p\u0161anas gad\u012bjum\u0101 tiks piem\u0113rots naudas sods <strong>200\u00a0eiro.<\/strong><\/p>\n\n<\/div><\/div><div class=\"block-txtmedia__media\"><div class=\"splide\" data-splide={\"gap\":\".625rem\",\"pagination\":false}><div class=\"splide__track\"><ul class=\"splide__list\"><li class=\"splide__slide\"><a href=\"https:\/\/vspahotel.ee\/wp-content\/uploads\/2023\/11\/row-of-no-smoking-signs-on-series-of-columns-2022-01-30-07-01-51-utc.png\" data-fancybox=\"txtmedia-block_655e0539e4aef\"><img loading=\"lazy\" decoding=\"async\" width=\"680\" height=\"480\" src=\"https:\/\/vspahotel.ee\/wp-content\/uploads\/2023\/11\/row-of-no-smoking-signs-on-series-of-columns-2022-01-30-07-01-51-utc-680x480.png\" class=\"attachment-img-680x480 size-img-680x480\" alt=\"\" \/><\/a><\/li><\/ul><\/div><div class=\"splide__arrows\"><button class=\"splide__arrow splide__arrow--prev\"><svg xmlns=\"http:\/\/www.w3.org\/2000\/svg\" width=\"10.413\" height=\"18.828\" viewBox=\"0 0 10.413 18.828\"><path d=\"M-10753-2701l-8,8,8,8\" transform=\"translate(10761.999 2702.415)\" fill=\"none\" stroke=\"currentColor\" stroke-linecap=\"round\" stroke-linejoin=\"round\" stroke-width=\"2\"\/><\/svg><\/button><button class=\"splide__arrow splide__arrow--next\"><svg xmlns=\"http:\/\/www.w3.org\/2000\/svg\" width=\"10.414\" height=\"18.828\" viewBox=\"0 0 10.414 18.828\"><path d=\"M-10761-2701l8,8-8,8\" transform=\"translate(10762.414 2702.415)\" fill=\"none\" stroke=\"currentColor\" stroke-linecap=\"round\" stroke-linejoin=\"round\" stroke-width=\"2\"\/><\/svg><\/button><\/div><\/div><\/div><\/div>","protected":false},"excerpt":{"rendered":"","protected":false},"author":1,"featured_media":0,"parent":3715,"menu_order":20,"comment_status":"closed","ping_status":"closed","template":"","meta":{"_acf_changed":false,"inline_featured_image":false,"footnotes":""},"class_list":["post-3697","page","type-page","status-publish","hentry"],"acf":[],"_links":{"self":[{"href":"https:\/\/vspahotel.ee\/lv\/wp-json\/wp\/v2\/pages\/3697","targetHints":{"allow":["GET"]}}],"collection":[{"href":"https:\/\/vspahotel.ee\/lv\/wp-json\/wp\/v2\/pages"}],"about":[{"href":"https:\/\/vspahotel.ee\/lv\/wp-json\/wp\/v2\/types\/page"}],"author":[{"embeddable":true,"href":"https:\/\/vspahotel.ee\/lv\/wp-json\/wp\/v2\/users\/1"}],"replies":[{"embeddable":true,"href":"https:\/\/vspahotel.ee\/lv\/wp-json\/wp\/v2\/comments?post=3697"}],"version-history":[{"count":0,"href":"https:\/\/vspahotel.ee\/lv\/wp-json\/wp\/v2\/pages\/3697\/revisions"}],"up":[{"embeddable":true,"href":"https:\/\/vspahotel.ee\/lv\/wp-json\/wp\/v2\/pages\/3715"}],"wp:attachment":[{"href":"https:\/\/vspahotel.ee\/lv\/wp-json\/wp\/v2\/media?parent=3697"}],"curies":[{"name":"wp","href":"https:\/\/api.w.org\/{rel}","templated":true}]}}