{"id":3711,"date":"2023-11-15T06:41:30","date_gmt":"2023-11-15T06:41:30","guid":{"rendered":"https:\/\/vspahotel.ee\/info\/"},"modified":"2024-07-20T10:54:42","modified_gmt":"2024-07-20T10:54:42","slug":"info","status":"publish","type":"page","link":"https:\/\/vspahotel.ee\/lv\/hotell\/info\/","title":{"rendered":"Info"},"content":{"rendered":"<div class=\"ama-block block-txtmedia\"><div class=\"block-txtmedia__content\"><div class=\"acf-innerblocks-container\">\n\n<h2 class=\"wp-block-heading has-primary-color has-text-color has-link-color wp-elements-74d06e69b959096f93edd65e7d7fad90 wp-el\">\u0112rta \u010detrzvaig\u017e\u0146u viesn\u012bca<\/h2>\n\n\n\n<p class=\"wp-el\">No V spa un konferen\u010du viesn\u012bcas 86 numuriem pieejami gan superior numuri ar lab\u0101k\u0101m atp\u016btas iesp\u0113j\u0101m, gan deluxe numuri, gan ar\u012b studijas tipa numuri ar \u012bpa\u0161iem risin\u0101jumiem. Papildus tam izv\u0113l\u0113 ir ar\u012b 2 suite luksusa numuri. Viesn\u012bcas istabu apr\u012bkojuma l\u012bmenis atbilst \u010detru zvaig\u017e\u0146u pras\u012bb\u0101m, un istabu ietilp\u012bgums \u013cauj taj\u0101s ievietot papildu gultas un iek\u0101rtoties no trim l\u012bdz se\u0161iem nak\u0161\u0146ot\u0101jiem. <\/p>\n\n\n\n<p class=\"wp-el\">M\u0101j\u012bgu noska\u0146u rada m\u012bkstiem vilnas pakl\u0101jiem kl\u0101t\u0101s gr\u012bdas, bet izv\u0113l\u0113 ir ar\u012b istabas ar parketa gr\u012bdu, kas neizraisa aler\u0123iju. Viesn\u012bca un spa centrs atrodas jaunaj\u0101 multifunkcion\u0101laj\u0101 tirdzniec\u012bbas centr\u0101 kop\u0101 ar pasaulslavenu z\u012bmolu veikaliem, jauk\u0101m kafejn\u012bc\u0101m un b\u0113rnu rota\u013cu zemi, pied\u0101v\u0101jot nodarbes ar\u012b gar\u0101k\u0101m atp\u016btas dien\u0101m.<\/p>\n\n\n\n<div class=\"wp-block-buttons is-layout-flex wp-block-buttons-is-layout-flex\">\n<div class=\"wp-block-button\"><a class=\"wp-block-button__link has-secondary-background-color has-background wp-element-button\" href=\"https:\/\/vspahotel.ee\/hotell\/majutus-tartus\/\">Apskatiet viesn\u012bcas numurus<\/a><\/div>\n<\/div>\n\n<\/div><\/div><div class=\"block-txtmedia__media\"><div class=\"splide\" data-splide={\"gap\":\".625rem\",\"pagination\":false}><div class=\"splide__track\"><ul class=\"splide__list\"><li class=\"splide__slide\"><a href=\"https:\/\/vspahotel.ee\/wp-content\/uploads\/2023\/11\/Vspahotel_superior-016-1-1480x987.jpg\" data-fancybox=\"txtmedia-block_669b977128f59\"><img loading=\"lazy\" decoding=\"async\" width=\"680\" height=\"480\" src=\"https:\/\/vspahotel.ee\/wp-content\/uploads\/2023\/11\/Vspahotel_superior-016-1-680x480.jpg\" class=\"attachment-img-680x480 size-img-680x480\" alt=\"\" srcset=\"https:\/\/vspahotel.ee\/wp-content\/uploads\/2023\/11\/Vspahotel_superior-016-1-680x480.jpg 680w, https:\/\/vspahotel.ee\/wp-content\/uploads\/2023\/11\/Vspahotel_superior-016-1-40x27.jpg 40w\" sizes=\"auto, (max-width: 680px) 100vw, 680px\" \/><\/a><\/li><\/ul><\/div><div class=\"splide__arrows\"><button class=\"splide__arrow splide__arrow--prev\"><svg xmlns=\"http:\/\/www.w3.org\/2000\/svg\" width=\"10.413\" height=\"18.828\" viewBox=\"0 0 10.413 18.828\"><path d=\"M-10753-2701l-8,8,8,8\" transform=\"translate(10761.999 2702.415)\" fill=\"none\" stroke=\"currentColor\" stroke-linecap=\"round\" stroke-linejoin=\"round\" stroke-width=\"2\"\/><\/svg><\/button><button class=\"splide__arrow splide__arrow--next\"><svg xmlns=\"http:\/\/www.w3.org\/2000\/svg\" width=\"10.414\" height=\"18.828\" viewBox=\"0 0 10.414 18.828\"><path d=\"M-10761-2701l8,8-8,8\" transform=\"translate(10762.414 2702.415)\" fill=\"none\" stroke=\"currentColor\" stroke-linecap=\"round\" stroke-linejoin=\"round\" stroke-width=\"2\"\/><\/svg><\/button><\/div><\/div><\/div><\/div>\n\n<div class=\"ama-block block-txtmedia reverse-order\"><div class=\"block-txtmedia__content\"><div class=\"acf-innerblocks-container\">\n\n<h2 class=\"wp-block-heading has-primary-color has-text-color has-link-color wp-elements-4206113d9db13256695340e549255467 wp-el\">K\u0101 n\u0101kt<\/h2>\n\n\n\n<p class=\"wp-el\">Viesn\u012bcas galven\u0101 ieeja atrodas Aleksandri un Soola ielas st\u016br\u012b. Viesn\u012bc\u0101 iesp\u0113jams ierasties no tirdzniec\u012bbas centra Kvartal caur V kafejn\u012bcu otraj\u0101 st\u0101v\u0101. Tirdzniec\u012bbas centra Kvartal autost\u0101vviet\u0101 var iebraukt no Turu un Soola ielas. Viesn\u012bcas autost\u0101vvietas atrodas P2 st\u0101v\u0101. Autost\u0101vvieta darbojas autom\u0101tiski un ir atv\u0113rta 24 stundas diennakt\u012b. Br\u012bvdien\u0101s no 18:00 vakar\u0101 l\u012bdz 8:00 piektdienas r\u012bt\u0101 ir iesp\u0113ja bez maksas novietot automa\u0161\u012bnu Aleksandru un Kalevu iel\u0101, ja ir br\u012bvas vietas.<\/p>\n\n\n\n<div class=\"wp-block-buttons is-layout-flex wp-block-buttons-is-layout-flex\">\n<div class=\"wp-block-button\"><a class=\"wp-block-button__link wp-element-button\" href=\"https:\/\/www.google.com\/maps\/dir\/\/V+Spa+Hotel+and+Conference+centre,+Riia+2,+51004+Tartu\/@58.3764558,26.7261747,17z\/data=!4m9!4m8!1m0!1m5!1m1!1s0x46eb36def90bf773:0x160736bf1e34a29a!2m2!1d26.7287496!2d58.376453!3e0?entry=ttu\" target=\"_blank\" rel=\"noreferrer noopener nofollow\">Atra\u0161an\u0101s vieta kart\u0113<\/a><\/div>\n<\/div>\n\n<\/div><\/div><div class=\"block-txtmedia__media\"><div class=\"splide\" data-splide={\"gap\":\".625rem\",\"pagination\":false}><div class=\"splide__track\"><ul class=\"splide__list\"><li class=\"splide__slide\"><a href=\"https:\/\/vspahotel.ee\/wp-content\/uploads\/2023\/11\/Hotelli-sissepaas-1480x988.jpg\" data-fancybox=\"txtmedia-block_669b977128f88\"><img loading=\"lazy\" decoding=\"async\" width=\"680\" height=\"480\" src=\"https:\/\/vspahotel.ee\/wp-content\/uploads\/2023\/11\/Hotelli-sissepaas-680x480.jpg\" class=\"attachment-img-680x480 size-img-680x480\" alt=\"\" srcset=\"https:\/\/vspahotel.ee\/wp-content\/uploads\/2023\/11\/Hotelli-sissepaas-680x480.jpg 680w, https:\/\/vspahotel.ee\/wp-content\/uploads\/2023\/11\/Hotelli-sissepaas-40x27.jpg 40w\" sizes=\"auto, (max-width: 680px) 100vw, 680px\" \/><\/a><\/li><\/ul><\/div><div class=\"splide__arrows\"><button class=\"splide__arrow splide__arrow--prev\"><svg xmlns=\"http:\/\/www.w3.org\/2000\/svg\" width=\"10.413\" height=\"18.828\" viewBox=\"0 0 10.413 18.828\"><path d=\"M-10753-2701l-8,8,8,8\" transform=\"translate(10761.999 2702.415)\" fill=\"none\" stroke=\"currentColor\" stroke-linecap=\"round\" stroke-linejoin=\"round\" stroke-width=\"2\"\/><\/svg><\/button><button class=\"splide__arrow splide__arrow--next\"><svg xmlns=\"http:\/\/www.w3.org\/2000\/svg\" width=\"10.414\" height=\"18.828\" viewBox=\"0 0 10.414 18.828\"><path d=\"M-10761-2701l8,8-8,8\" transform=\"translate(10762.414 2702.415)\" fill=\"none\" stroke=\"currentColor\" stroke-linecap=\"round\" stroke-linejoin=\"round\" stroke-width=\"2\"\/><\/svg><\/button><\/div><\/div><\/div><\/div>","protected":false},"excerpt":{"rendered":"","protected":false},"author":1,"featured_media":0,"parent":3715,"menu_order":10,"comment_status":"closed","ping_status":"closed","template":"","meta":{"_acf_changed":false,"inline_featured_image":false,"footnotes":""},"class_list":["post-3711","page","type-page","status-publish","hentry"],"acf":[],"_links":{"self":[{"href":"https:\/\/vspahotel.ee\/lv\/wp-json\/wp\/v2\/pages\/3711","targetHints":{"allow":["GET"]}}],"collection":[{"href":"https:\/\/vspahotel.ee\/lv\/wp-json\/wp\/v2\/pages"}],"about":[{"href":"https:\/\/vspahotel.ee\/lv\/wp-json\/wp\/v2\/types\/page"}],"author":[{"embeddable":true,"href":"https:\/\/vspahotel.ee\/lv\/wp-json\/wp\/v2\/users\/1"}],"replies":[{"embeddable":true,"href":"https:\/\/vspahotel.ee\/lv\/wp-json\/wp\/v2\/comments?post=3711"}],"version-history":[{"count":0,"href":"https:\/\/vspahotel.ee\/lv\/wp-json\/wp\/v2\/pages\/3711\/revisions"}],"up":[{"embeddable":true,"href":"https:\/\/vspahotel.ee\/lv\/wp-json\/wp\/v2\/pages\/3715"}],"wp:attachment":[{"href":"https:\/\/vspahotel.ee\/lv\/wp-json\/wp\/v2\/media?parent=3711"}],"curies":[{"name":"wp","href":"https:\/\/api.w.org\/{rel}","templated":true}]}}