{"id":4750,"date":"2024-01-22T07:15:27","date_gmt":"2024-01-22T07:15:27","guid":{"rendered":"https:\/\/vspahotel.ee\/?page_id=4750"},"modified":"2024-03-26T09:44:52","modified_gmt":"2024-03-26T09:44:52","slug":"v-trusa-istaba","status":"publish","type":"page","link":"https:\/\/vspahotel.ee\/lv\/v-trusa-istaba\/","title":{"rendered":"V Tru\u0161a istab\u0101"},"content":{"rendered":"\n<h2 class=\"wp-block-heading has-primary-color has-text-color has-link-color has-large-font-size wp-elements-c2d4de09927b4225120d43f3519f8372 wp-el\"><strong><strong>J\u0101, Tu esi non\u0101cis V Tru\u0161a istab\u0101!<\/strong><\/strong><\/h2>\n\n\n\n<p class=\"wp-el\">Un tev ir patiesi paveicies! V spa viesn\u012bc\u0101 ir 21 \u012bpa\u0161a istaba, kuru apmekl\u0113jot, pa logu var ieraudz\u012bt m\u016bsu talismanu, V Trusi, un uzzin\u0101t par vi\u0146a un vi\u0146a \u0123imenes piedz\u012bvojumiem.<\/p>\n\n\n\n<p class=\"wp-el\">Ik pa pusstundai tie\u0161i aiz V Tru\u0161a istabu logiem s\u0101kas da\u017eu min\u016b\u0161u ilga l\u0101zeranim\u0101cija, kuru v\u0113rojot, var\u0113si b\u016bt liecinieks m\u016bsu jauk\u0101s talismanu \u0123imenes \u0161\u012b m\u0113ne\u0161a aktivit\u0101t\u0113m. Tev atliek vien b\u016bt \u012bstaj\u0101 laik\u0101 \u012bstaj\u0101 viet\u0101 un klusi v\u0113rot pa logu, lai bail\u012bgie V Tru\u0161i tevi nepamana.<\/p>\n\n\n<div class=\"ama-block block-modal-grid\"><div class=\"block__body\"><div class=\"modal-grid__item\"><a href=\"#modal-69f1df5745ece1\" class=\"ari-fancybox\" data-fancybox=\"modal-69f1df5745ece\"><img loading=\"lazy\" decoding=\"async\" width=\"440\" height=\"240\" src=\"https:\/\/vspahotel.ee\/wp-content\/uploads\/2024\/01\/1-440x240.jpg\" class=\"attachment-thumbnail size-thumbnail\" alt=\"\" \/><span class=\"d-block fw-bold text-center\">Janv\u0101ris<\/span><\/a><div id=\"modal-69f1df5745ece1\" class=\"fancybox-hide\"><div class=\"modal-grid__item-popup\"><div class=\"classic-editor\"><p><strong><em>Janv\u0101ris<\/em><\/strong><em> ir tas m\u0113nesis, kad sa\u0146emam sevi rok\u0101s, visu ko apsol\u0101mies un gribam b\u016bt labi.<\/em><\/p>\n<p><em> Kur\u0161 no mums gan nav devis jaun\u0101 gada sol\u012bjumus, kurus visu gadu izpild\u012bt nav nemaz tik vienk\u0101r\u0161i? Tie\u0161i \u0161\u0101da izaicin\u0101juma priek\u0161\u0101 \u0161om\u0113nes ir m\u016bsu pagalm\u0101 dz\u012bvojo\u0161ais V Trusis. K\u0101 vi\u0146am tas izdosies, to tu redz\u0113si, ja janv\u0101r\u012b \u012bstaj\u0101 br\u012bd\u012b paskat\u012bsies \u0101r\u0101 pa viesn\u012bcas logu. <\/em><\/p>\n<\/div><img loading=\"lazy\" decoding=\"async\" width=\"1080\" height=\"600\" src=\"https:\/\/vspahotel.ee\/wp-content\/uploads\/2024\/01\/1-1080x600.jpg\" class=\"attachment-img-1080x600 size-img-1080x600\" alt=\"\" srcset=\"https:\/\/vspahotel.ee\/wp-content\/uploads\/2024\/01\/1-1080x600.jpg 1080w, https:\/\/vspahotel.ee\/wp-content\/uploads\/2024\/01\/1-180x100.jpg 180w\" sizes=\"auto, (max-width: 1080px) 100vw, 1080px\" \/><\/div><\/div><\/div><div class=\"modal-grid__item\"><a href=\"#modal-69f1df5745ece2\" class=\"ari-fancybox\" data-fancybox=\"modal-69f1df5745ece\"><img loading=\"lazy\" decoding=\"async\" width=\"440\" height=\"240\" src=\"https:\/\/vspahotel.ee\/wp-content\/uploads\/2024\/01\/2-440x240.jpg\" class=\"attachment-thumbnail size-thumbnail\" alt=\"\" \/><span class=\"d-block fw-bold text-center\">Febru\u0101ris<\/span><\/a><div id=\"modal-69f1df5745ece2\" class=\"fancybox-hide\"><div class=\"modal-grid__item-popup\"><div class=\"classic-editor\"><p><strong><em>Febru\u0101ris<\/em><\/strong><em> ir m\u012blest\u012bbas m\u0113nesis. <\/em><\/p>\n<p><em>Valent\u012bna diena un visur eso\u0161\u0101 draudz\u012bbas un m\u012blest\u012bbas tematika neizb\u0113gami aizvilina pr\u0101tus romantiskos sap\u0146os. Piem\u0113ram, jaut\u0101jums, k\u0101 un ar ko Tu grib\u0113tu aizvad\u012bt \u0161o, n\u0101kamo un aizn\u0101kamo gadu \u2013 \u0161\u0101ds jaut\u0101jums rodas ar\u012b m\u016bsu V Trusim. K\u0101 vi\u0146\u0161 gatavosies Valent\u012bndienas randi\u0146am un kas no t\u0101 visa san\u0101ks, var\u0113si redz\u0113t, ja pieiesi pie loga, no kura redzams vi\u0146a miteklis un klusi\u0146\u0101m skat\u012bsies \u0101r\u0101 pa logu. <\/em><\/p>\n<\/div><img loading=\"lazy\" decoding=\"async\" width=\"1080\" height=\"600\" src=\"https:\/\/vspahotel.ee\/wp-content\/uploads\/2024\/01\/2-1080x600.jpg\" class=\"attachment-img-1080x600 size-img-1080x600\" alt=\"\" srcset=\"https:\/\/vspahotel.ee\/wp-content\/uploads\/2024\/01\/2-1080x600.jpg 1080w, https:\/\/vspahotel.ee\/wp-content\/uploads\/2024\/01\/2-180x100.jpg 180w\" sizes=\"auto, (max-width: 1080px) 100vw, 1080px\" \/><\/div><\/div><\/div><div class=\"modal-grid__item\"><a href=\"#modal-69f1df5745ece3\" class=\"ari-fancybox\" data-fancybox=\"modal-69f1df5745ece\"><img loading=\"lazy\" decoding=\"async\" width=\"440\" height=\"240\" src=\"https:\/\/vspahotel.ee\/wp-content\/uploads\/2024\/01\/3-440x240.jpg\" class=\"attachment-thumbnail size-thumbnail\" alt=\"\" \/><span class=\"d-block fw-bold text-center\">Marts<\/span><\/a><div id=\"modal-69f1df5745ece3\" class=\"fancybox-hide\"><div class=\"modal-grid__item-popup\"><div class=\"classic-editor\"><p><strong><em>Marts<\/em><\/strong><em> noz\u012bm\u0113, ka \u0161om\u0113nes ir skolas br\u012bvlaiks.<\/em><\/p>\n<p><em> Un, protams, ka skolas br\u012bvlaiks ir \u012bstais br\u012bdis, kad b\u0113rni var iztrakoties un pavad\u012bt laiku tie\u0161i t\u0101, k\u0101 v\u0113las. Lai p\u0113c tam v\u0113l p\u0101ris m\u0113ne\u0161us l\u012bdz vasaras br\u012bvlaikam sp\u0113tu r\u0101tni nos\u0113d\u0113t skolas sol\u0101. Mart\u0101 ar\u012b V Tru\u0161a \u0123imen\u0113 notiek tas, ko piedz\u012bvo ar\u012b daudzas m\u016bsu viesn\u012bcas apmekl\u0113t\u0101ju \u0123imenes. Vien\u0101 br\u012bd\u012b p\u0113k\u0161\u0146i izr\u0101d\u0101s, ka b\u0113rniem ir pa\u0161iem savas domas un v\u0113lmes. Ar\u012b V Tru\u0161a \u0123imen\u0113 dzimu\u0161ie mazu\u013ci nepavisam nav mier\u012bgi mazi pieaugu\u0161ie, bet gan draiskas ka\u017eok\u0101das bumbi\u0146as, kuru rad\u012btais troksnis \u0161om\u0113nes b\u016bs dzirdams pa viesn\u012bcas logu.\u00a0 <\/em><\/p>\n<\/div><img loading=\"lazy\" decoding=\"async\" width=\"1080\" height=\"600\" src=\"https:\/\/vspahotel.ee\/wp-content\/uploads\/2024\/01\/3-1080x600.jpg\" class=\"attachment-img-1080x600 size-img-1080x600\" alt=\"\" srcset=\"https:\/\/vspahotel.ee\/wp-content\/uploads\/2024\/01\/3-1080x600.jpg 1080w, https:\/\/vspahotel.ee\/wp-content\/uploads\/2024\/01\/3-180x100.jpg 180w\" sizes=\"auto, (max-width: 1080px) 100vw, 1080px\" \/><\/div><\/div><\/div><div class=\"modal-grid__item\"><a href=\"#modal-69f1df5745ece4\" class=\"ari-fancybox\" data-fancybox=\"modal-69f1df5745ece\"><img loading=\"lazy\" decoding=\"async\" width=\"440\" height=\"240\" src=\"https:\/\/vspahotel.ee\/wp-content\/uploads\/2024\/01\/4-440x240.jpg\" class=\"attachment-thumbnail size-thumbnail\" alt=\"\" \/><span class=\"d-block fw-bold text-center\">Apr\u012blis<\/span><\/a><div id=\"modal-69f1df5745ece4\" class=\"fancybox-hide\"><div class=\"modal-grid__item-popup\"><div class=\"classic-editor\"><p><strong><em>Apr\u012blis<\/em><\/strong><em> ir biznesa un konferen\u010du m\u0113nesis.<\/em><\/p>\n<p><em> Pirms silt\u0101 vasaras laika atn\u0101k\u0161anas j\u0101izdara p\u0113d\u0113jie darbi un j\u0101iesniedz p\u0113d\u0113j\u0101s atskaites, lai p\u0113c tam var mier\u012bgi sagaid\u012bt sezonu, kad gai\u0161\u0101s naktis un siltais laiks bie\u017ei vien liek aizmirst domas par darbiem. Sapulci par pag\u0101ju\u0161\u0101s ziemas burk\u0101nu rezerv\u0113m sasauc ar\u012b m\u016bsu V Trusis, kuram pirms spa prieku baud\u012b\u0161anas j\u0101pasp\u0113j atrisin\u0101t burk\u0101nu tr\u016bkuma jaut\u0101jums.\u00a0 <\/em><\/p>\n<\/div><img loading=\"lazy\" decoding=\"async\" width=\"1080\" height=\"600\" src=\"https:\/\/vspahotel.ee\/wp-content\/uploads\/2024\/01\/4-1080x600.jpg\" class=\"attachment-img-1080x600 size-img-1080x600\" alt=\"\" srcset=\"https:\/\/vspahotel.ee\/wp-content\/uploads\/2024\/01\/4-1080x600.jpg 1080w, https:\/\/vspahotel.ee\/wp-content\/uploads\/2024\/01\/4-180x100.jpg 180w\" sizes=\"auto, (max-width: 1080px) 100vw, 1080px\" \/><\/div><\/div><\/div><div class=\"modal-grid__item\"><a href=\"#modal-69f1df5745ece5\" class=\"ari-fancybox\" data-fancybox=\"modal-69f1df5745ece\"><img loading=\"lazy\" decoding=\"async\" width=\"440\" height=\"240\" src=\"https:\/\/vspahotel.ee\/wp-content\/uploads\/2024\/01\/5-440x240.jpg\" class=\"attachment-thumbnail size-thumbnail\" alt=\"\" \/><span class=\"d-block fw-bold text-center\">Maijs<\/span><\/a><div id=\"modal-69f1df5745ece5\" class=\"fancybox-hide\"><div class=\"modal-grid__item-popup\"><div class=\"classic-editor\"><p><strong><em>Maijs<\/em><\/strong><em> ir M\u0101tes dienas m\u0113nesis. <\/em><\/p>\n<p><em>\u0160is ir m\u0113nesis, kad lomas, kur\u0161 par kuru r\u016bp\u0113jas, bie\u017ei tiek main\u012btas viet\u0101m un b\u0113rni cen\u0161as sav\u0101m mamm\u0101m izgatavot neaizmirstamas d\u0101vanas. K\u0101 tas izdosies V Tru\u0161a \u0123imen\u0113, var\u0113si ieraudz\u012bt pavasara vakaru kr\u0113sl\u0101, Tev tikai klusu j\u0101st\u0101v aiz sava viesn\u012bcas numuri\u0146a aizkariem un j\u0101gaida \u012bstais br\u012bdis. <\/em><\/p>\n<\/div><img loading=\"lazy\" decoding=\"async\" width=\"1080\" height=\"600\" src=\"https:\/\/vspahotel.ee\/wp-content\/uploads\/2024\/01\/5-1080x600.jpg\" class=\"attachment-img-1080x600 size-img-1080x600\" alt=\"\" srcset=\"https:\/\/vspahotel.ee\/wp-content\/uploads\/2024\/01\/5-1080x600.jpg 1080w, https:\/\/vspahotel.ee\/wp-content\/uploads\/2024\/01\/5-180x100.jpg 180w\" sizes=\"auto, (max-width: 1080px) 100vw, 1080px\" \/><\/div><\/div><\/div><div class=\"modal-grid__item\"><a href=\"#modal-69f1df5745ece6\" class=\"ari-fancybox\" data-fancybox=\"modal-69f1df5745ece\"><img loading=\"lazy\" decoding=\"async\" width=\"440\" height=\"240\" src=\"https:\/\/vspahotel.ee\/wp-content\/uploads\/2024\/01\/6-440x240.jpg\" class=\"attachment-thumbnail size-thumbnail\" alt=\"\" \/><span class=\"d-block fw-bold text-center\">J\u016bnijs<\/span><\/a><div id=\"modal-69f1df5745ece6\" class=\"fancybox-hide\"><div class=\"modal-grid__item-popup\"><div class=\"classic-editor\"><p><strong><em>J\u016bnijs<\/em><\/strong><em> ir J\u0101\u0146uguns m\u0113nesis.<\/em><\/p>\n<p><em> Vasaras darbi, augsti ugunskuri un l\u012bksmo\u0161ana cauru nakti ir ar\u012b m\u016bsu V Tru\u0161u vasaras saulgrie\u017eu galven\u0101 t\u0113ma. Bet, k\u0101 jau daudzi atceras no savas b\u0113rn\u012bbas, nav nemaz tik viegli kop\u0101 ar pieaugu\u0161ajiem notur\u0113ties nomod\u0101 visu balto saulgrie\u017eu nakti. K\u0101 ar \u0161o veiksies mazajiem V Trus\u0113niem, to jau Tu var\u0113si pats redz\u0113t. <\/em><\/p>\n<\/div><img loading=\"lazy\" decoding=\"async\" width=\"1080\" height=\"556\" src=\"https:\/\/vspahotel.ee\/wp-content\/uploads\/2024\/01\/6-1080x556.jpg\" class=\"attachment-img-1080x600 size-img-1080x600\" alt=\"\" \/><\/div><\/div><\/div><div class=\"modal-grid__item\"><a href=\"#modal-69f1df5745ece7\" class=\"ari-fancybox\" data-fancybox=\"modal-69f1df5745ece\"><img loading=\"lazy\" decoding=\"async\" width=\"440\" height=\"240\" src=\"https:\/\/vspahotel.ee\/wp-content\/uploads\/2024\/01\/1-440x240.jpg\" class=\"attachment-thumbnail size-thumbnail\" alt=\"\" \/><span class=\"d-block fw-bold text-center\">J\u016blijs<\/span><\/a><div id=\"modal-69f1df5745ece7\" class=\"fancybox-hide\"><div class=\"modal-grid__item-popup\"><div class=\"classic-editor\"><p><strong><em>J\u016blijs<\/em><\/strong><em> ir lielais atva\u013cin\u0101jumu m\u0113nesis. <\/em><\/p>\n<p><em>Ja ir labs laiks, tad ir labi, ta\u010du nez k\u0101p\u0113c esam taj\u0101 pasaules mal\u0101, kur vasaras liel\u0101kais atva\u013cin\u0101jumu m\u0113nesis p\u0113k\u0161\u0146i var izr\u0101d\u012bties lietus m\u0113nesis. Ar\u012b V Tru\u0161i ir izl\u0113mu\u0161i baud\u012bt atva\u013cin\u0101jumu un doties uz pludmali. K\u0101 vi\u0146iem b\u016bs paveicies ar laikapst\u0101k\u013ciem un kas v\u0113l vi\u0146us sagaida, var\u0113s redz\u0113t ikviens, raugoties pa logu pagalm\u0101. <\/em><\/p>\n<\/div><img loading=\"lazy\" decoding=\"async\" width=\"1080\" height=\"600\" src=\"https:\/\/vspahotel.ee\/wp-content\/uploads\/2024\/01\/1-1080x600.jpg\" class=\"attachment-img-1080x600 size-img-1080x600\" alt=\"\" srcset=\"https:\/\/vspahotel.ee\/wp-content\/uploads\/2024\/01\/1-1080x600.jpg 1080w, https:\/\/vspahotel.ee\/wp-content\/uploads\/2024\/01\/1-180x100.jpg 180w\" sizes=\"auto, (max-width: 1080px) 100vw, 1080px\" \/><\/div><\/div><\/div><div class=\"modal-grid__item\"><a href=\"#modal-69f1df5745ece8\" class=\"ari-fancybox\" data-fancybox=\"modal-69f1df5745ece\"><img loading=\"lazy\" decoding=\"async\" width=\"440\" height=\"240\" src=\"https:\/\/vspahotel.ee\/wp-content\/uploads\/2024\/01\/8-440x240.jpg\" class=\"attachment-thumbnail size-thumbnail\" alt=\"\" \/><span class=\"d-block fw-bold text-center\">Augusts<\/span><\/a><div id=\"modal-69f1df5745ece8\" class=\"fancybox-hide\"><div class=\"modal-grid__item-popup\"><div class=\"classic-editor\"><p><strong><em>Augusts <\/em><\/strong><em>ir da\u017e\u0101du interesantu un akt\u012bvu br\u012bvdabas pas\u0101kumu m\u0113nesis.<\/em><\/p>\n<p><em> Tie\u0161i \u0161aj\u0101 siltaj\u0101 vasaras beigu period\u0101 gan Tartu, gan Dienvidigaunij\u0101 gaid\u0101mi interesanti pas\u0101kumi, kurus ar\u012b m\u016bsu V Tru\u0161u \u0123imene noteikti negrib\u0113tu palaist gar\u0101m. V\u0113l j\u0101piebilst, ka Augusts ir ar\u012b ide\u0101ls laiks, kad apmekl\u0113t da\u017e\u0101das apskates vietas. Nav ne p\u0101r\u0101k auksts, ne p\u0101r\u0101k karsts. Ne p\u0101r\u0101k kr\u0113slains, ne ar\u012b p\u0101r\u0101k gai\u0161s. Viss ir tie\u0161i t\u0101, k\u0101 vajag. Ir tikai pagr\u016bti no visa liel\u0101 pied\u0101v\u0101jumu kl\u0101sta izv\u0113l\u0113ties sev t\u012bkam\u0101ko. Ko b\u016bs iepl\u0101nojusi apmekl\u0113t V Tru\u0161u \u0123imene un k\u0101 vi\u0146iem ies, to jau pats dr\u012bz redz\u0113si. <\/em><\/p>\n<\/div><img loading=\"lazy\" decoding=\"async\" width=\"1080\" height=\"600\" src=\"https:\/\/vspahotel.ee\/wp-content\/uploads\/2024\/01\/8-1080x600.jpg\" class=\"attachment-img-1080x600 size-img-1080x600\" alt=\"\" srcset=\"https:\/\/vspahotel.ee\/wp-content\/uploads\/2024\/01\/8-1080x600.jpg 1080w, https:\/\/vspahotel.ee\/wp-content\/uploads\/2024\/01\/8-180x100.jpg 180w\" sizes=\"auto, (max-width: 1080px) 100vw, 1080px\" \/><\/div><\/div><\/div><div class=\"modal-grid__item\"><a href=\"#modal-69f1df5745ece9\" class=\"ari-fancybox\" data-fancybox=\"modal-69f1df5745ece\"><img loading=\"lazy\" decoding=\"async\" width=\"440\" height=\"240\" src=\"https:\/\/vspahotel.ee\/wp-content\/uploads\/2024\/01\/9-440x240.jpg\" class=\"attachment-thumbnail size-thumbnail\" alt=\"\" \/><span class=\"d-block fw-bold text-center\">Septembris<\/span><\/a><div id=\"modal-69f1df5745ece9\" class=\"fancybox-hide\"><div class=\"modal-grid__item-popup\"><div class=\"classic-editor\"><p><strong><em>Septembris <\/em><\/strong><em>protams, ir zin\u012bbu m\u0113nesis, jo \u012bpa\u0161i \u0161eit, Tartu.<\/em><\/p>\n<p><em> Senaj\u0101 Igaunijas universit\u0101tes pils\u0113t\u0101 septembr\u012b s\u0101k m\u0101c\u012bties gan mazi, gan lieli, un \u0161\u0137iet, ka visa pils\u0113ta \u0161aj\u0101 zin\u012bbu m\u0113nes\u012b s\u0101k elpot l\u012bdzi stud\u0113jo\u0161ajai jaunatnei. Ar\u012b m\u016bsu viesn\u012bc\u0101 ruden\u012b ierodas da\u017ei jauni talanti, lai p\u0113c skolas uzs\u0101ktu karjeru. Bet ko pa \u0161o laiku dara m\u012bl\u012bgie V Tru\u0161i &#8211; to var\u0113s redz\u0113t septembra vakaru kr\u0113sl\u0101, skatoties \u0101r\u0101 caur loga aizkariem. <\/em><\/p>\n<\/div><img loading=\"lazy\" decoding=\"async\" width=\"1080\" height=\"600\" src=\"https:\/\/vspahotel.ee\/wp-content\/uploads\/2024\/01\/9-1080x600.jpg\" class=\"attachment-img-1080x600 size-img-1080x600\" alt=\"\" srcset=\"https:\/\/vspahotel.ee\/wp-content\/uploads\/2024\/01\/9-1080x600.jpg 1080w, https:\/\/vspahotel.ee\/wp-content\/uploads\/2024\/01\/9-180x100.jpg 180w\" sizes=\"auto, (max-width: 1080px) 100vw, 1080px\" \/><\/div><\/div><\/div><div class=\"modal-grid__item\"><a href=\"#modal-69f1df5745ece10\" class=\"ari-fancybox\" data-fancybox=\"modal-69f1df5745ece\"><img loading=\"lazy\" decoding=\"async\" width=\"440\" height=\"240\" src=\"https:\/\/vspahotel.ee\/wp-content\/uploads\/2024\/01\/10-440x240.jpg\" class=\"attachment-thumbnail size-thumbnail\" alt=\"\" \/><span class=\"d-block fw-bold text-center\">Oktobris<\/span><\/a><div id=\"modal-69f1df5745ece10\" class=\"fancybox-hide\"><div class=\"modal-grid__item-popup\"><div class=\"classic-editor\"><p><strong><em>Oktobris <\/em><\/strong><em>ir Helov\u012bna m\u0113nesis.<\/em><\/p>\n<p><em> Protams, ka V Tru\u0161u \u0123imene \u0161os sv\u0113tkus gar\u0101m nelaid\u012bs. Bet tie\u0161i t\u0101pat k\u0101 ar visu citu, ar\u012b Helov\u012bnu V Tru\u0161i atz\u012bm\u0113 sav\u0101 \u012bpa\u0161\u0101 veid\u0101. Par ko tru\u0161i p\u0101r\u0123\u0113rbsies un kas, vi\u0146upr\u0101t, b\u016bs pats \u0161ausmino\u0161\u0101kais kost\u012bms? To visu uzzin\u0101si, ja oktobr\u012b b\u016bsi \u0161eit un v\u0113rosi vi\u0146u darb\u012bbas, raugoties \u0101r\u0101 pa logu.\u00a0\u00a0\u00a0\u00a0 <\/em><\/p>\n<\/div><img loading=\"lazy\" decoding=\"async\" width=\"1080\" height=\"600\" src=\"https:\/\/vspahotel.ee\/wp-content\/uploads\/2024\/01\/10-1080x600.jpg\" class=\"attachment-img-1080x600 size-img-1080x600\" alt=\"\" srcset=\"https:\/\/vspahotel.ee\/wp-content\/uploads\/2024\/01\/10-1080x600.jpg 1080w, https:\/\/vspahotel.ee\/wp-content\/uploads\/2024\/01\/10-180x100.jpg 180w\" sizes=\"auto, (max-width: 1080px) 100vw, 1080px\" \/><\/div><\/div><\/div><div class=\"modal-grid__item\"><a href=\"#modal-69f1df5745ece11\" class=\"ari-fancybox\" data-fancybox=\"modal-69f1df5745ece\"><img loading=\"lazy\" decoding=\"async\" width=\"440\" height=\"240\" src=\"https:\/\/vspahotel.ee\/wp-content\/uploads\/2024\/01\/11-440x240.jpg\" class=\"attachment-thumbnail size-thumbnail\" alt=\"\" \/><span class=\"d-block fw-bold text-center\">Novembris<\/span><\/a><div id=\"modal-69f1df5745ece11\" class=\"fancybox-hide\"><div class=\"modal-grid__item-popup\"><div class=\"classic-editor\"><p><strong><em>Novembris <\/em><\/strong><em>ir \u012bstenais spa baud\u012b\u0161anas m\u0113nesis. <\/em><\/p>\n<p><em>Tum\u0161ie vakari un dr\u0113gnais laiks dabai liek p\u0101riet atp\u016btas re\u017e\u012bm\u0101, savuk\u0101rt m\u0113s un ar\u012b V Tru\u0161u \u0123imene varam izmantot \u0161o laiku, lai sevi palutin\u0101tu. K\u0101 V Tru\u0161i rudens vakaros izbauda m\u016bsu \u016bdens centru \u2013 to var\u0113si v\u0113rot, ja \u012bstaj\u0101 br\u012bd\u012b klusi pal\u016bkosies uz tiem pa viesn\u012bcas numuri\u0146a logu. Tikai j\u0101b\u016bt gatavam, ka p\u0113c noskat\u012b\u0161an\u0101s ar\u012b pa\u0161am dro\u0161i vien rad\u012bsies nep\u0101rvarama v\u0113l\u0113\u0161an\u0101s izbaud\u012bt siltu spa. <\/em><\/p>\n<\/div><img loading=\"lazy\" decoding=\"async\" width=\"1080\" height=\"600\" src=\"https:\/\/vspahotel.ee\/wp-content\/uploads\/2024\/01\/11-1080x600.jpg\" class=\"attachment-img-1080x600 size-img-1080x600\" alt=\"\" srcset=\"https:\/\/vspahotel.ee\/wp-content\/uploads\/2024\/01\/11-1080x600.jpg 1080w, https:\/\/vspahotel.ee\/wp-content\/uploads\/2024\/01\/11-180x100.jpg 180w\" sizes=\"auto, (max-width: 1080px) 100vw, 1080px\" \/><\/div><\/div><\/div><div class=\"modal-grid__item\"><a href=\"#modal-69f1df5745ece12\" class=\"ari-fancybox\" data-fancybox=\"modal-69f1df5745ece\"><img loading=\"lazy\" decoding=\"async\" width=\"440\" height=\"240\" src=\"https:\/\/vspahotel.ee\/wp-content\/uploads\/2024\/01\/12-440x240.jpg\" class=\"attachment-thumbnail size-thumbnail\" alt=\"\" \/><span class=\"d-block fw-bold text-center\">Decembris<\/span><\/a><div id=\"modal-69f1df5745ece12\" class=\"fancybox-hide\"><div class=\"modal-grid__item-popup\"><div class=\"classic-editor\"><p><strong><em>Decembris<\/em><\/strong><em> ir m\u016bsu vism\u012b\u013c\u0101ko sv\u0113tku m\u0113nesis.<\/em><\/p>\n<p><em> Ziemassv\u0113tku gaid\u012b\u0161ana, d\u0101vanas un gatavo\u0161an\u0101s Jaunajam gadam \u2013 tas viss notiek ar\u012b m\u016bsu viesn\u012bc\u0101. Savuk\u0101rt V Tru\u0161i ir izl\u0113mu\u0161i krietni atvieglot Ziemassv\u0113tku vec\u012b\u0161a darbu. K\u0101 vi\u0146i gatavojas sv\u0113tkiem un Jaun\u0101 gada sagaid\u012b\u0161anai, var\u0113si v\u0113rot pa viesn\u012bcas logu. Skaistu sv\u0113tku laiku un lielisku V Tru\u0161a gada nosl\u0113gumu visiem! <\/em><\/p>\n<\/div><img loading=\"lazy\" decoding=\"async\" width=\"1080\" height=\"600\" src=\"https:\/\/vspahotel.ee\/wp-content\/uploads\/2024\/01\/12-1080x600.jpg\" class=\"attachment-img-1080x600 size-img-1080x600\" alt=\"\" srcset=\"https:\/\/vspahotel.ee\/wp-content\/uploads\/2024\/01\/12-1080x600.jpg 1080w, https:\/\/vspahotel.ee\/wp-content\/uploads\/2024\/01\/12-180x100.jpg 180w\" sizes=\"auto, (max-width: 1080px) 100vw, 1080px\" \/><\/div><\/div><\/div><\/div><\/div>","protected":false},"excerpt":{"rendered":"<p>J\u0101, Tu esi non\u0101cis V Tru\u0161a istab\u0101! Un tev ir patiesi paveicies! V spa viesn\u012bc\u0101 ir 21 \u012bpa\u0161a istaba, kuru&#8230;<\/p>\n","protected":false},"author":1,"featured_media":0,"parent":0,"menu_order":200,"comment_status":"closed","ping_status":"closed","template":"","meta":{"_acf_changed":true,"inline_featured_image":false,"footnotes":""},"class_list":["post-4750","page","type-page","status-publish","hentry"],"acf":[],"_links":{"self":[{"href":"https:\/\/vspahotel.ee\/lv\/wp-json\/wp\/v2\/pages\/4750","targetHints":{"allow":["GET"]}}],"collection":[{"href":"https:\/\/vspahotel.ee\/lv\/wp-json\/wp\/v2\/pages"}],"about":[{"href":"https:\/\/vspahotel.ee\/lv\/wp-json\/wp\/v2\/types\/page"}],"author":[{"embeddable":true,"href":"https:\/\/vspahotel.ee\/lv\/wp-json\/wp\/v2\/users\/1"}],"replies":[{"embeddable":true,"href":"https:\/\/vspahotel.ee\/lv\/wp-json\/wp\/v2\/comments?post=4750"}],"version-history":[{"count":0,"href":"https:\/\/vspahotel.ee\/lv\/wp-json\/wp\/v2\/pages\/4750\/revisions"}],"wp:attachment":[{"href":"https:\/\/vspahotel.ee\/lv\/wp-json\/wp\/v2\/media?parent=4750"}],"curies":[{"name":"wp","href":"https:\/\/api.w.org\/{rel}","templated":true}]}}