{"id":6359,"date":"2025-10-16T12:35:36","date_gmt":"2025-10-16T12:35:36","guid":{"rendered":"https:\/\/vspahotel.ee\/?page_id=6359"},"modified":"2025-11-10T08:55:59","modified_gmt":"2025-11-10T08:55:59","slug":"visittartulv","status":"publish","type":"page","link":"https:\/\/vspahotel.ee\/lv\/visittartulv\/","title":{"rendered":"Izbaudi mieru un komfortu Tartu sird\u012b!"},"content":{"rendered":"\n<p class=\"has-text-align-center wp-el\">\u013bauj sev ienirt Tartu pils\u0113tas klusum\u0101 un m\u0101j\u012bgum\u0101 \u2013 atp\u016btieties V Spa viesn\u012bc\u0101!<br>Izmantojiet promo kodu <strong>VISITTARTU<\/strong>, lai sa\u0146emtu 15% atlaidi visiem <a href=\"https:\/\/vspahotel.ee\/lv\/hotell\/izmitinasanas-paketes\/\">pied\u0101v\u0101jumiem<\/a>.<\/p>\n\n\n\n<p class=\"wp-el\">\ud83d\udc49 Akcijas kods ir der\u012bgs uztur\u0113\u0161an\u0101s laikam no sv\u0113tdienas l\u012bdz piektdienai (ieskaitot) <strong>l\u012bdz 20.02.2026.<\/strong><\/p>\n\n\n\n<p class=\"wp-el\"><strong>*Katrai dienai ir ierobe\u017eots istabu skaits<\/strong>.<br><strong>*Attiecas tikai uz jaun\u0101m rezerv\u0101cij\u0101m<\/strong>.<br>*<strong>Nav der\u012bgs papildgult\u0101m.<\/strong><br>*<strong>Atlaides kods neattiecas uz 19.12.2025.\u201304.01.2026.<\/strong><\/p>\n\n\n\n<p class=\"wp-el\"><strong>Rezerv\u0113jiet naktsm\u012btnes viesn\u012bcas re\u0123istrat\u016br\u0101, rakstot&nbsp;<a href=\"mailto:info@vspahotel.ee\">info@vspahotel.ee<\/a>&nbsp;\/ zvanot +372 677 6677 vai m\u0101jaslap\u0101.<\/strong><\/p>\n","protected":false},"excerpt":{"rendered":"<p>\u013bauj sev ienirt Tartu pils\u0113tas klusum\u0101 un m\u0101j\u012bgum\u0101 \u2013 atp\u016btieties V Spa viesn\u012bc\u0101!Izmantojiet promo kodu VISITTARTU, lai sa\u0146emtu 15% atlaidi&#8230;<\/p>\n","protected":false},"author":1,"featured_media":5875,"parent":0,"menu_order":0,"comment_status":"closed","ping_status":"closed","template":"page-templates\/tpl-event.php","meta":{"_acf_changed":true,"inline_featured_image":false,"footnotes":""},"class_list":["post-6359","page","type-page","status-publish","has-post-thumbnail","hentry"],"acf":[],"_links":{"self":[{"href":"https:\/\/vspahotel.ee\/lv\/wp-json\/wp\/v2\/pages\/6359","targetHints":{"allow":["GET"]}}],"collection":[{"href":"https:\/\/vspahotel.ee\/lv\/wp-json\/wp\/v2\/pages"}],"about":[{"href":"https:\/\/vspahotel.ee\/lv\/wp-json\/wp\/v2\/types\/page"}],"author":[{"embeddable":true,"href":"https:\/\/vspahotel.ee\/lv\/wp-json\/wp\/v2\/users\/1"}],"replies":[{"embeddable":true,"href":"https:\/\/vspahotel.ee\/lv\/wp-json\/wp\/v2\/comments?post=6359"}],"version-history":[{"count":0,"href":"https:\/\/vspahotel.ee\/lv\/wp-json\/wp\/v2\/pages\/6359\/revisions"}],"wp:featuredmedia":[{"embeddable":true,"href":"https:\/\/vspahotel.ee\/lv\/wp-json\/wp\/v2\/media\/5875"}],"wp:attachment":[{"href":"https:\/\/vspahotel.ee\/lv\/wp-json\/wp\/v2\/media?parent=6359"}],"curies":[{"name":"wp","href":"https:\/\/api.w.org\/{rel}","templated":true}]}}