{"id":3557,"date":"2024-01-04T12:22:15","date_gmt":"2024-01-04T12:22:15","guid":{"rendered":"https:\/\/vspahotel.ee\/kampaania\/"},"modified":"2025-12-23T17:13:24","modified_gmt":"2025-12-23T17:13:24","slug":"joulukampaania","status":"publish","type":"page","link":"https:\/\/vspahotel.ee\/ru\/joulukampaania\/","title":{"rendered":"J\u00f5ulukampaania"},"content":{"rendered":"<div class=\"ama-block block-txtmedia\"><div class=\"block-txtmedia__content\"><div class=\"acf-innerblocks-container\">\n\n<h2 class=\"wp-block-heading has-link-color wp-elements-ac3b97272b20830cfaea75387455bc84 wp-el\"><strong>Kingi elamusi ja v\u00f5ida l\u00f5\u00f5gastav puhkus V Spaahotellis \u2728iga n\u00e4dal\u2728!<\/strong><\/h2>\n\n\n\n<p class=\"wp-el\"><strong>Osta e-poest mistahes <a href=\"https:\/\/kinkekaart.vspahotel.ee\">V Spaahotelli kinkekaart<\/a> kampaaniakoodiga J\u00d5ULUD25 ning osaled elamusterohkes loosis igal neljap\u00e4eval kuni 23.12! Mida varem ostud sooritad, seda rohkem on v\u00f5imalust v\u00f5ita!<\/strong><\/p>\n\n\n\n<ul class=\"wp-block-list wp-el\">\n<li>Kampaania periood <strong>13.11\u201323.12.2025<\/strong>; loosimised<strong>&nbsp;20.11, 27.11, 4.12, 11.12, 18.12<\/strong>; finaal <strong>23.12<\/strong>.<\/li>\n\n\n\n<li>Osalemiseks osta <a href=\"https:\/\/kinkekaart.vspahotel.ee\/\" target=\"_blank\" rel=\"noreferrer noopener\">V Spaahotelli kinkekaart<\/a> ja sisesta kood <strong>J\u00d5ULUD25<\/strong>.<\/li>\n\n\n\n<li>K\u00f5ik kehtivad osalused kanduvad j\u00e4rgmistele loosidele + finaali.<\/li>\n\n\n\n<li>Vaheauhind 5 \u00d7<strong> <strong><mark style=\"background-color:rgba(0, 0, 0, 0)\" class=\"has-inline-color has-secondary-color\">L\u00f5\u00f5gastav spaapakett Superior toas kahele v\u00e4\u00e4rtusega 175\u20ac<\/mark><\/strong><\/strong>, <strong>realiseerimiseks p\u00fchap\u00e4evast neljap\u00e4evani.<\/strong><\/li>\n\n\n\n<li>Peaauhind <strong>Romantikapakett \u201cV\u00f5rratu luksus\u201d kahele koos 3-k\u00e4igulise \u00f5htus\u00f6\u00f6giga Joyce\u2019is&nbsp;v\u00e4\u00e4rtusega 394\u20ac<\/strong>, realiseerimiseks esmasp\u00e4evast p\u00fchap\u00e4evani.<\/li>\n<\/ul>\n\n\n\n<div class=\"wp-block-buttons is-layout-flex wp-block-buttons-is-layout-flex\">\n<div class=\"wp-block-button\"><a class=\"wp-block-button__link wp-element-button\" href=\"https:\/\/kinkekaart.vspahotel.ee\"><strong>Kinkekaart osta siit<\/strong><\/a><\/div>\n<\/div>\n\n\n\n<h5 class=\"wp-block-heading has-primary-color has-text-color has-link-color wp-elements-70d1b0695b93463d8025aba812e9357c wp-el\"><strong>Kahekordista oma \u0161ansse!<\/strong><\/h5>\n\n\n\n<p class=\"wp-el\">Osale paralleelselt ka Joyce loosis. <strong>Sama kood: J\u00d5ULUD25<\/strong><\/p>\n\n\n\n<div class=\"wp-block-buttons is-layout-flex wp-block-buttons-is-layout-flex\">\n<div class=\"wp-block-button\"><a class=\"wp-block-button__link wp-element-button\" href=\"https:\/\/joyce.ee\/joulukampaania\/\" rel=\"nofollow noopener\" target=\"_blank\">Osale Joyce kampaanias<\/a><\/div>\n<\/div>\n\n<\/div><\/div><div class=\"block-txtmedia__media\"><div class=\"splide\" data-splide={\"gap\":\".625rem\",\"pagination\":false}><div class=\"splide__track\"><ul class=\"splide__list\"><li class=\"splide__slide\"><a href=\"https:\/\/vspahotel.ee\/wp-content\/uploads\/2024\/12\/IMG_2475-scaled-e1734339565414-1480x1052.jpg\" data-fancybox=\"txtmedia-block_694acdb1d9cc3\"><img loading=\"lazy\" decoding=\"async\" width=\"680\" height=\"480\" src=\"https:\/\/vspahotel.ee\/wp-content\/uploads\/2024\/12\/IMG_2475-scaled-e1734339565414-680x480.jpg\" class=\"attachment-img-680x480 size-img-680x480\" alt=\"\" srcset=\"https:\/\/vspahotel.ee\/wp-content\/uploads\/2024\/12\/IMG_2475-scaled-e1734339565414-680x480.jpg 680w, https:\/\/vspahotel.ee\/wp-content\/uploads\/2024\/12\/IMG_2475-scaled-e1734339565414-84x60.jpg 84w, https:\/\/vspahotel.ee\/wp-content\/uploads\/2024\/12\/IMG_2475-scaled-e1734339565414-100x71.jpg 100w, https:\/\/vspahotel.ee\/wp-content\/uploads\/2024\/12\/IMG_2475-scaled-e1734339565414-40x28.jpg 40w\" sizes=\"auto, (max-width: 680px) 100vw, 680px\" \/><\/a><\/li><li class=\"splide__slide\"><a href=\"https:\/\/vspahotel.ee\/wp-content\/uploads\/2024\/09\/IMG_4678.jpeg\" data-fancybox=\"txtmedia-block_694acdb1d9cc3\"><img loading=\"lazy\" decoding=\"async\" width=\"680\" height=\"480\" src=\"https:\/\/vspahotel.ee\/wp-content\/uploads\/2024\/09\/IMG_4678-680x480.jpeg\" class=\"attachment-img-680x480 size-img-680x480\" alt=\"\" \/><\/a><\/li><li class=\"splide__slide\"><a href=\"https:\/\/vspahotel.ee\/wp-content\/uploads\/2025\/08\/IMG_8518_jpg-scaled-e1756378767445-1480x1216.jpeg\" data-fancybox=\"txtmedia-block_694acdb1d9cc3\"><img loading=\"lazy\" decoding=\"async\" width=\"680\" height=\"480\" src=\"https:\/\/vspahotel.ee\/wp-content\/uploads\/2025\/08\/IMG_8518_jpg-scaled-e1756378767445-680x480.jpeg\" class=\"attachment-img-680x480 size-img-680x480\" alt=\"\" \/><\/a><\/li><li class=\"splide__slide\"><a href=\"https:\/\/vspahotel.ee\/wp-content\/uploads\/2025\/06\/DSC02184-1480x987.jpg\" data-fancybox=\"txtmedia-block_694acdb1d9cc3\"><img loading=\"lazy\" decoding=\"async\" width=\"680\" height=\"480\" src=\"https:\/\/vspahotel.ee\/wp-content\/uploads\/2025\/06\/DSC02184-680x480.jpg\" class=\"attachment-img-680x480 size-img-680x480\" alt=\"\" srcset=\"https:\/\/vspahotel.ee\/wp-content\/uploads\/2025\/06\/DSC02184-680x480.jpg 680w, https:\/\/vspahotel.ee\/wp-content\/uploads\/2025\/06\/DSC02184-40x27.jpg 40w\" sizes=\"auto, (max-width: 680px) 100vw, 680px\" \/><\/a><\/li><\/ul><\/div><div class=\"splide__arrows\"><button class=\"splide__arrow splide__arrow--prev\"><svg xmlns=\"http:\/\/www.w3.org\/2000\/svg\" width=\"10.413\" height=\"18.828\" viewBox=\"0 0 10.413 18.828\"><path d=\"M-10753-2701l-8,8,8,8\" transform=\"translate(10761.999 2702.415)\" fill=\"none\" stroke=\"currentColor\" stroke-linecap=\"round\" stroke-linejoin=\"round\" stroke-width=\"2\"\/><\/svg><\/button><button class=\"splide__arrow splide__arrow--next\"><svg xmlns=\"http:\/\/www.w3.org\/2000\/svg\" width=\"10.414\" height=\"18.828\" viewBox=\"0 0 10.414 18.828\"><path d=\"M-10761-2701l8,8-8,8\" transform=\"translate(10762.414 2702.415)\" fill=\"none\" stroke=\"currentColor\" stroke-linecap=\"round\" stroke-linejoin=\"round\" stroke-width=\"2\"\/><\/svg><\/button><\/div><\/div><\/div><\/div>\n\n\n<h4 class=\"wp-block-heading wp-el\"><strong>Kampaaniatingimused:<\/strong><\/h4>\n\n\n\n<ul class=\"wp-block-list wp-el\">\n<li><strong>Korraldaja<\/strong>: Kampaania \u201cKingi elamusi ja v\u00f5ida l\u00f5\u00f5gastav puhkus V Spaahotellis \u2728iga n\u00e4dal\u2728!\u201d (edaspidi Kampaania) korraldaja on <strong>V Spaahotell O\u00dc<\/strong> (edaspidi Korraldaja).<\/li>\n\n\n\n<li><strong>Periood:<\/strong> Kampaania kestab <strong>13.11.2025 kell 00:00 \u2013 23.12.2025 kell 11:59<\/strong> (kaasa arvatud).<\/li>\n\n\n\n<li><strong>Osalemine<\/strong>: Osalemiseks tuleb osta V Spaahotelli <a href=\"https:\/\/kinkekaart.vspahotel.ee\" target=\"_blank\" rel=\"noreferrer noopener\">e-poest<\/a> kinkekaart ning sisestada ostu vormistamisel kampaaniakood <strong>J\u00d5ULUD25<\/strong>.<\/li>\n\n\n\n<li><strong>Loosimised:<\/strong> Vahev\u00f5itude loosimised toimuvad<strong>&nbsp;20.11, 27.11, 4.12, 11.12, 18.12<\/strong> kell 12:00. <strong>Peaauhinna loosimine<\/strong> toimub <strong>23.12.2025<\/strong>.<\/li>\n\n\n\n<li>K\u00f5ik kampaaniaperioodi jooksul ja kampaaniakoodiga <strong>J\u00d5ULUD25<\/strong> tehtud kvalifitseeruvad ostud osalevad k\u00f5igis j\u00e4rgnevatest n\u00e4dalaloosimistest kuni kampaania l\u00f5puni, sh peaauhinna loosis.<\/li>\n<\/ul>\n\n\n\n<p class=\"wp-el\"><strong>Kas promokood J\u00d5ULUD25 kehtib ainult \u00fchel ostul v\u00f5i v\u00f5ib mitu kinkekaarti osta selle koodiga?<\/strong><br>Kood&nbsp;<strong>J\u00d5ULUD25<\/strong>&nbsp;v\u00f5ib kasutada kogu kampaaniaperioodil korduvalt. V\u00f5id osta mitu kinkekaarti \u00fches ostus v\u00f5i mitmes eraldi ostus.<\/p>\n\n\n\n<p class=\"wp-el\"><strong>Kas mitme kinkekaardi ostmisel on v\u00f5iduv\u00f5imalus suurem?<\/strong><br>Jah.&nbsp;<strong>Iga kvalifitseeruv kinkekaart = 1 loosiosalus.<\/strong>&nbsp;Rohkem kinkekaarte t\u00e4hendab suuremat v\u00f5idut\u00f5en\u00e4osust.<\/p>\n\n\n\n<p class=\"wp-el\"><strong>Kas osalused kanduvad edasi igan\u00e4dalastesse loosidesse?<\/strong><br>Jah. Varajane ost osaleb&nbsp;<strong>k\u00f5ikides j\u00e4rgnevates loosides<\/strong>&nbsp;kuni kampaania l\u00f5puni&nbsp;<strong>ja<\/strong>&nbsp;peauhinnaloosis&nbsp;<strong>23.12.2025<\/strong>.<\/p>\n\n\n\n<p class=\"wp-el\"><strong>Kas kood annab soodustust?<\/strong><br>Ei. Kood m\u00e4rgib ostu loosik\u00f5lblikuks; soodustust ei rakendata.<\/p>\n\n\n\n<p class=\"wp-el\"><strong>Oluline:<\/strong>&nbsp;Tagastatud v\u00f5i t\u00fchistatud ostud loosis ei osale.<\/p>\n\n\n\n<h4 class=\"wp-block-heading wp-el\"><strong>Auhinnad:<\/strong><\/h4>\n\n\n\n<ul class=\"wp-block-list wp-el\">\n<li><strong>Vahev\u00f5it (iga n\u00e4dal, 5x):<\/strong> <mark style=\"background-color:rgba(0, 0, 0, 0)\" class=\"has-inline-color has-primary-color\"><strong>L\u00f5\u00f5gastav spaapakett Superior toas kahele v\u00e4\u00e4rtusega 175\u20ac<\/strong><\/mark><br>Paketis sisaldub:<br>Majutus modernses superior toas kahele 1 \u00f6\u00f6<br>Tervislik ja rikkalik hommikus\u00f6\u00f6k hotelli restoranis JOYCE<br>L\u00f5una-Eesti suurima spaa l\u00f5\u00f5gastus- ning saunamaailma k\u00fclastus<br>Hommikumantlid ja sussid toas<br><em>Realiseerimine p\u00fchap\u00e4evast neljap\u00e4evani.<\/em><br><\/li>\n\n\n\n<li><strong>Peaauhind: <\/strong><a href=\"https:\/\/vspahotel.ee\/ru\/hotell\/\u043f\u0430\u043a\u0435\u0442\u044b-\u043f\u0440\u043e\u0436\u0438\u0432\u0430\u043d\u0438\u044f\/%d1%80%d0%be%d0%bc%d0%b0%d0%bd%d1%82%d0%b8%d1%87%d0%b5%d1%81%d0%ba%d0%b8%d0%b8-%d0%bf%d0%b0%d0%ba%d0%b5%d1%82-%d0%be%d1%87%d0%b0%d1%80%d0%be%d0%b2%d0%b0%d0%bd%d0%b8%d0%b5-%d1%80%d0%be%d1%81%d0%ba\/\"><\/a><strong><mark style=\"background-color:rgba(0, 0, 0, 0)\" class=\"has-inline-color has-primary-color\">Romantikapakett \u201cV\u00f5rratu luksus\u201d kahele Deluxe toas koos 3-k\u00e4igulise \u00f5htus\u00f6\u00f6giga Joyce\u2019is&nbsp;v\u00e4\u00e4rtusega 394\u20ac<\/mark><\/strong><br>Paketis sisaldub:<br>Majutus romantilises mullivanniga deluxe toas kahele 1 \u00f6\u00f6<br>Tervislik ja rikkalik hommikus\u00f6\u00f6k hotelli restoranis JOYCE<br>L\u00f5una-Eesti suurima spaa l\u00f5\u00f5gastus- ning saunamaailma k\u00fclastus<br>Romantilist meeleolu loov tuba<br>Saabumisel toas vahuvein<br>Romantiline kolmek\u00e4iguline \u00f5htus\u00f6\u00f6k hotelli restoranis JOYCE<br>Hommikumantlid ja sussid toas<br>Vaba sissep\u00e4\u00e4s Tartu \u00f6\u00f6klubisse<br><em>Realiseerimine esmasp\u00e4evast p\u00fchap\u00e4evani. Auhind vormistatakse kinkekaardina.<\/em><br><\/li>\n\n\n\n<li><strong>V\u00f5itja teavitamine<\/strong>: V\u00f5itjatega v\u00f5etakse \u00fchendust e-posti teel 2 t\u00f6\u00f6p\u00e4eva jooksul. V\u00f5itja eesnimi v\u00f5ib olla avaldatud V Spaahotelli kanalites.<\/li>\n\n\n\n<li><strong>Kehtivus ja kasutamine:<\/strong> Kinkekaartide ja paketiauhindade kasutustingimused, kehtivus ja broneerimine l\u00e4htuvad korraldaja \u00fcldtingimustest ja saadavusest; v\u00e4listatud kuup\u00e4evad v\u00f5ivad rakenduda. Auhinda ei vahetata rahaks.<\/li>\n\n\n\n<li><strong>Tagastused<\/strong>: Tagastatud v\u00f5i t\u00fchistatud ostud loosimistes ei osale; kui ost t\u00fchistatakse p\u00e4rast loosimist, on Korraldajal \u00f5igus auhind t\u00fchistada ja loosida uuesti.<\/li>\n\n\n\n<li><strong>Isikuandmed<\/strong>: Korraldaja t\u00f6\u00f6tleb osaleja andmeid kampaania l\u00e4biviimiseks (loosimine, teavitamine). Andmeid s\u00e4ilitatakse vaid vajalikul m\u00e4\u00e4ral ja t\u00e4htajal vastavalt privaatsustingimustele.<\/li>\n\n\n\n<li><strong>Muud tingimused<\/strong>: Korraldajal on \u00f5igus tingimusi t\u00e4psustada v\u00f5i kampaania katkestada v\u00e4\u00e4ramatu j\u00f5u ilmnemisel, teavitades sellest kampaanialehel.<\/li>\n\n\n\n<li><strong>Kontakt:<\/strong> Kampaaniaga seotud k\u00fcsimused: <strong>info@vspahotel.ee<\/strong><\/li>\n<\/ul>\n\n\n\n<h4 class=\"wp-block-heading wp-el\"><strong>V\u00f5itjad:<\/strong><\/h4>\n\n\n\n<ul class=\"wp-block-list wp-el\">\n<li><mark style=\"background-color:rgba(0, 0, 0, 0)\" class=\"has-inline-color has-primary-color\">\ud83c\udf81 <strong>L\u00f5\u00f5gastav spaapakett Superior toas kahele v\u00e4\u00e4rtusega 175\u20ac<\/strong><\/mark>\n<ul class=\"wp-block-list wp-el\">\n<li>20.11 &#8212; Katerina K.<\/li>\n\n\n\n<li>27.11 &#8212; Helen N.<\/li>\n\n\n\n<li>4.12 &#8212; Andrei K.<\/li>\n\n\n\n<li>11.12 &#8212; Sigrid S.<\/li>\n\n\n\n<li>18.12 &#8212; Merje S.<br><\/li>\n<\/ul>\n<\/li>\n\n\n\n<li><a href=\"https:\/\/vspahotel.ee\/ru\/hotell\/\u043f\u0430\u043a\u0435\u0442\u044b-\u043f\u0440\u043e\u0436\u0438\u0432\u0430\u043d\u0438\u044f\/%d1%80%d0%be%d0%bc%d0%b0%d0%bd%d1%82%d0%b8%d1%87%d0%b5%d1%81%d0%ba%d0%b8%d0%b8-%d0%bf%d0%b0%d0%ba%d0%b5%d1%82-%d0%be%d1%87%d0%b0%d1%80%d0%be%d0%b2%d0%b0%d0%bd%d0%b8%d0%b5-%d1%80%d0%be%d1%81%d0%ba\/\"><\/a><mark style=\"background-color:rgba(0, 0, 0, 0)\" class=\"has-inline-color has-primary-color\">\ud83c\udf81<\/mark> <strong><mark style=\"background-color:rgba(0, 0, 0, 0)\" class=\"has-inline-color has-primary-color\">Romantikapakett \u201cV\u00f5rratu luksus\u201d kahele Deluxe toas koos 3-k\u00e4igulise \u00f5htus\u00f6\u00f6giga Joyce\u2019is&nbsp;v\u00e4\u00e4rtusega 394\u20ac<\/mark><\/strong>\n<ul class=\"wp-block-list wp-el\">\n<li>23.12 &#8212; Priit P.<\/li>\n<\/ul>\n<\/li>\n<\/ul>\n\n\n\n<p class=\"wp-el\">K\u00f5ikide v\u00f5itjatega on \u00fchendust v\u00f5etud. Palju-palju \u00f5nne! <\/p>\n","protected":false},"excerpt":{"rendered":"<p>Kampaaniatingimused: Kas promokood J\u00d5ULUD25 kehtib ainult \u00fchel ostul v\u00f5i v\u00f5ib mitu kinkekaarti osta selle koodiga?Kood&nbsp;J\u00d5ULUD25&nbsp;v\u00f5ib kasutada kogu kampaaniaperioodil korduvalt. V\u00f5id&#8230;<\/p>\n","protected":false},"author":1,"featured_media":6353,"parent":0,"menu_order":9999,"comment_status":"closed","ping_status":"closed","template":"","meta":{"_acf_changed":false,"inline_featured_image":true,"footnotes":""},"class_list":["post-3557","page","type-page","status-publish","has-post-thumbnail","hentry"],"acf":[],"_links":{"self":[{"href":"https:\/\/vspahotel.ee\/ru\/wp-json\/wp\/v2\/pages\/3557","targetHints":{"allow":["GET"]}}],"collection":[{"href":"https:\/\/vspahotel.ee\/ru\/wp-json\/wp\/v2\/pages"}],"about":[{"href":"https:\/\/vspahotel.ee\/ru\/wp-json\/wp\/v2\/types\/page"}],"author":[{"embeddable":true,"href":"https:\/\/vspahotel.ee\/ru\/wp-json\/wp\/v2\/users\/1"}],"replies":[{"embeddable":true,"href":"https:\/\/vspahotel.ee\/ru\/wp-json\/wp\/v2\/comments?post=3557"}],"version-history":[{"count":0,"href":"https:\/\/vspahotel.ee\/ru\/wp-json\/wp\/v2\/pages\/3557\/revisions"}],"wp:featuredmedia":[{"embeddable":true,"href":"https:\/\/vspahotel.ee\/ru\/wp-json\/wp\/v2\/media\/6353"}],"wp:attachment":[{"href":"https:\/\/vspahotel.ee\/ru\/wp-json\/wp\/v2\/media?parent=3557"}],"curies":[{"name":"wp","href":"https:\/\/api.w.org\/{rel}","templated":true}]}}