{"id":3561,"date":"2024-01-03T13:42:11","date_gmt":"2024-01-03T13:42:11","guid":{"rendered":"https:\/\/vspahotel.ee\/registreerimiskaart-guest-card\/"},"modified":"2024-01-03T13:42:11","modified_gmt":"2024-01-03T13:42:11","slug":"registreerimiskaart-guest-card","status":"publish","type":"page","link":"https:\/\/vspahotel.ee\/ru\/registreerimiskaart-guest-card\/","title":{"rendered":"Registreerimiskaart \/ Guest card"},"content":{"rendered":"\n<div class=\"wp-block-contact-form-7-contact-form-selector\">\n<div class=\"wpcf7 no-js\" id=\"wpcf7-f3317-o1\" lang=\"ru-RU\" dir=\"ltr\" data-wpcf7-id=\"3317\">\n<div class=\"screen-reader-response\"><p role=\"status\" aria-live=\"polite\" aria-atomic=\"true\"><\/p> <ul><\/ul><\/div>\n<form action=\"\/ru\/wp-json\/wp\/v2\/pages\/3561#wpcf7-f3317-o1\" method=\"post\" class=\"wpcf7-form init\" aria-label=\"\u041a\u043e\u043d\u0442\u0430\u043a\u0442\u043d\u0430\u044f \u0444\u043e\u0440\u043c\u0430\" novalidate=\"novalidate\" data-status=\"init\">\n<fieldset class=\"hidden-fields-container\"><input type=\"hidden\" name=\"_wpcf7\" value=\"3317\" \/><input type=\"hidden\" name=\"_wpcf7_version\" value=\"6.1.5\" \/><input type=\"hidden\" name=\"_wpcf7_locale\" value=\"ru_RU\" \/><input type=\"hidden\" name=\"_wpcf7_unit_tag\" value=\"wpcf7-f3317-o1\" \/><input type=\"hidden\" name=\"_wpcf7_container_post\" value=\"0\" \/><input type=\"hidden\" name=\"_wpcf7_posted_data_hash\" value=\"\" \/><input type=\"hidden\" name=\"_wpcf7cf_hidden_group_fields\" value=\"[]\" \/><input type=\"hidden\" name=\"_wpcf7cf_hidden_groups\" value=\"[]\" \/><input type=\"hidden\" name=\"_wpcf7cf_visible_groups\" value=\"[]\" \/><input type=\"hidden\" name=\"_wpcf7cf_repeaters\" value=\"[]\" \/><input type=\"hidden\" name=\"_wpcf7cf_steps\" value=\"{}\" \/><input type=\"hidden\" name=\"_wpcf7cf_options\" value=\"{&quot;form_id&quot;:3317,&quot;conditions&quot;:[],&quot;settings&quot;:{&quot;animation&quot;:&quot;yes&quot;,&quot;animation_intime&quot;:200,&quot;animation_outtime&quot;:200,&quot;conditions_ui&quot;:&quot;normal&quot;,&quot;notice_dismissed&quot;:false,&quot;notice_dismissed_rollback-cf7-5.8.3&quot;:true,&quot;notice_dismissed_rollback-cf7-5.8.6&quot;:true,&quot;notice_dismissed_rollback-cf7-5.9.3&quot;:true,&quot;notice_dismissed_rollback-cf7-5.9.4&quot;:true}}\" \/><input type=\"hidden\" name=\"_wpcf7dtx_version\" value=\"5.0.5\" \/><input type=\"hidden\" name=\"_wpcf7_recaptcha_response\" value=\"\" \/>\n<\/fieldset>\n<div class=\"narrow-label-gap\">\n<div class=\"reg-form-dates\"><div class=\"row row-grid\">\n<div class=\"reg-form-date col-12 col-lg-6\"><label>* Saabumine \/ Date of arrival<\/label><span class=\"wpcf7-form-control-wrap\" data-name=\"your-arrival\"><input class=\"wpcf7-form-control wpcf7-date wpcf7-validates-as-required wpcf7-validates-as-date\" min=\"2026-04-20\" aria-required=\"true\" aria-invalid=\"false\" value=\"\" type=\"date\" name=\"your-arrival\" \/><\/span><\/div>\n<div class=\"reg-form-date col-12 col-lg-6\"><label>* Lahkumine \/ Date of departure<\/label><span class=\"wpcf7-form-control-wrap\" data-name=\"your-departure\"><input class=\"wpcf7-form-control wpcf7-date wpcf7-validates-as-required wpcf7-validates-as-date\" min=\"2026-04-20\" aria-required=\"true\" aria-invalid=\"false\" value=\"\" type=\"date\" name=\"your-departure\" \/><\/span><\/div>\n<\/div><\/div>\n\n<div class=\"bordered-form\"><div class=\"row row-grid\">\n<div class=\"col-12 col-lg-6\">\n<div class=\"field-item\"><label>* Perekonnanimi \/ Surname<\/label><span class=\"wpcf7-form-control-wrap\" data-name=\"your-surname\"><input size=\"40\" maxlength=\"400\" class=\"wpcf7-form-control wpcf7-text wpcf7-validates-as-required\" aria-required=\"true\" aria-invalid=\"false\" value=\"\" type=\"text\" name=\"your-surname\" \/><\/span><\/div>\n<div class=\"field-item\"><label>* Eesnimi \/ Given names<\/label><span class=\"wpcf7-form-control-wrap\" data-name=\"your-firstname\"><input size=\"40\" maxlength=\"400\" class=\"wpcf7-form-control wpcf7-text wpcf7-validates-as-required\" aria-required=\"true\" aria-invalid=\"false\" value=\"\" type=\"text\" name=\"your-firstname\" \/><\/span><\/div>\n<\/div>\n<div class=\"col-12 col-lg-6\">\n<div class=\"field-item\"><label>Ettev\u00f5te \/ Company<\/label><span class=\"wpcf7-form-control-wrap\" data-name=\"your-company\"><input size=\"40\" maxlength=\"400\" class=\"wpcf7-form-control wpcf7-text\" aria-invalid=\"false\" value=\"\" type=\"text\" name=\"your-company\" \/><\/span><\/div>\n<\/div>\n<div class=\"col-12 col-lg-6\">\n<div class=\"field-item\"><label>* S\u00fcnniaeg \/ Date of birth<\/label><span class=\"wpcf7-form-control-wrap\" data-name=\"your-dob\"><input class=\"wpcf7-form-control wpcf7-date wpcf7-validates-as-required wpcf7-validates-as-date\" aria-required=\"true\" aria-invalid=\"false\" value=\"\" type=\"date\" name=\"your-dob\" \/><\/span><\/div>\n<\/div>\n<div class=\"col-12 col-lg-6\">\n<div class=\"field-item\"><label>* Kodakondsus \/ Citizenship<\/label><span class=\"wpcf7-form-control-wrap\" data-name=\"your-citizenship\"><input size=\"40\" maxlength=\"400\" class=\"wpcf7-form-control wpcf7-text wpcf7-validates-as-required\" aria-required=\"true\" aria-invalid=\"false\" value=\"\" type=\"text\" name=\"your-citizenship\" \/><\/span><\/div>\n<\/div>\n<div class=\"col-12 col-lg-6\">\n<div class=\"field-item\"><label>* Aadress \/ Address<\/label><span class=\"wpcf7-form-control-wrap\" data-name=\"your-address\"><input size=\"40\" maxlength=\"400\" class=\"wpcf7-form-control wpcf7-text wpcf7-validates-as-required\" aria-required=\"true\" aria-invalid=\"false\" value=\"\" type=\"text\" name=\"your-address\" \/><\/span><\/div>\n<\/div>\n<div class=\"col-12 col-lg-6\">\n<div class=\"field-item\"><label>Telefon \/ Mobile<\/label><span class=\"wpcf7-form-control-wrap\" data-name=\"your-phone\"><input size=\"40\" maxlength=\"400\" class=\"wpcf7-form-control wpcf7-text\" aria-invalid=\"false\" value=\"\" type=\"text\" name=\"your-phone\" \/><\/span><\/div>\n<div class=\"field-item\"><label>* E-post \/ E-mail<\/label><span class=\"wpcf7-form-control-wrap\" data-name=\"recipient-email\"><input size=\"40\" maxlength=\"400\" class=\"wpcf7-form-control wpcf7-email wpcf7-validates-as-required wpcf7-text wpcf7-validates-as-email\" aria-required=\"true\" aria-invalid=\"false\" value=\"\" type=\"email\" name=\"recipient-email\" \/><\/span><\/div>\n<div class=\"field-item\"><label>Auto nr \/ Car no<\/label><span class=\"wpcf7-form-control-wrap\" data-name=\"your-car\"><input size=\"40\" maxlength=\"400\" class=\"wpcf7-form-control wpcf7-text\" aria-invalid=\"false\" value=\"\" type=\"text\" name=\"your-car\" \/><\/span><\/div>\n<\/div>\n<div class=\"col-12\">\n<div class=\"field-item\"><label>* Passport \/ Identity Card No. \/ Issuing state \/ Date of expiry<\/label><span class=\"wpcf7-form-control-wrap\" data-name=\"your-passport\"><textarea cols=\"40\" rows=\"10\" maxlength=\"2000\" class=\"wpcf7-form-control wpcf7-textarea wpcf7-validates-as-required\" aria-required=\"true\" aria-invalid=\"false\" placeholder=\"T\u00e4itmiseks kohustuslik\/Must be filled\" name=\"your-passport\"><\/textarea><\/span><\/div>\n<\/div>\n<div class=\"col-12\">\n<div class=\"field-item\"><label>K\u00fclastuse eesm\u00e4rk \/ Reason for journey (not compulsory information)<\/label><span class=\"wpcf7-form-control-wrap\" data-name=\"your-reason\"><span class=\"wpcf7-form-control wpcf7-checkbox\"><span class=\"wpcf7-list-item first\"><label><input type=\"checkbox\" name=\"your-reason[]\" value=\"Puhkus \/ Leisure\" \/><span class=\"wpcf7-list-item-label\">Puhkus \/ Leisure<\/span><\/label><\/span><span class=\"wpcf7-list-item\"><label><input type=\"checkbox\" name=\"your-reason[]\" value=\"\u00c4rireis \/ Business\" \/><span class=\"wpcf7-list-item-label\">\u00c4rireis \/ Business<\/span><\/label><\/span><span class=\"wpcf7-list-item\"><label><input type=\"checkbox\" name=\"your-reason[]\" value=\"Konverents \/ Meeting\" \/><span class=\"wpcf7-list-item-label\">Konverents \/ Meeting<\/span><\/label><\/span><span class=\"wpcf7-list-item last\"><label><input type=\"checkbox\" name=\"your-reason[]\" value=\"Muu \/ Other\" \/><span class=\"wpcf7-list-item-label\">Muu \/ Other<\/span><\/label><\/span><\/span><\/span><\/div>\n<\/div>\n<\/div><\/div>\n\n<span class=\"wpcf7-form-control-wrap\" data-name=\"your-newsletter\"><span class=\"wpcf7-form-control wpcf7-checkbox\"><span class=\"wpcf7-list-item first last\"><label><input type=\"checkbox\" name=\"your-newsletter[]\" value=\"Soovin saada V Spaahotelli uudiskirju ja eripakkumisi\/ I would like to receive V Spa Hotel newsletter and exclusive offers.\" \/><span class=\"wpcf7-list-item-label\">Soovin saada V Spaahotelli uudiskirju ja eripakkumisi\/ I would like to receive V Spa Hotel newsletter and exclusive offers.<\/span><\/label><\/span><\/span><\/span>\n\n<p>* K\u00fclalisega koos majutuvate isikuandmed \/ Personal data of the spouse and underage children accompanying the passenger<\/p>\n<div data-wpcf7-group-id=\"guests\" id=\"guest-groups\" tabindex=\"1\" class=\"wpcf7-field-groups \"><div class=\"wpcf7-field-group\">\n<span class=\"wpcf7-form-control-wrap\" data-name=\"guest-surname\"><input size=\"40\" maxlength=\"400\" class=\"wpcf7-form-control wpcf7-text\" aria-invalid=\"false\" placeholder=\"* Perekonnanimi \/ Surname\" value=\"\" type=\"text\" name=\"guest-surname\" \/><\/span>\n<span class=\"wpcf7-form-control-wrap\" data-name=\"guest-firstname\"><input size=\"40\" maxlength=\"400\" class=\"wpcf7-form-control wpcf7-text\" aria-invalid=\"false\" placeholder=\"* Eesnimi \/ Given names\" value=\"\" type=\"text\" name=\"guest-firstname\" \/><\/span>\n<span class=\"wpcf7-form-control-wrap\" data-name=\"guest-citizenship\"><input size=\"40\" maxlength=\"400\" class=\"wpcf7-form-control wpcf7-text\" aria-invalid=\"false\" placeholder=\"* Kodakondsus \/ Citizenship\" value=\"\" type=\"text\" name=\"guest-citizenship\" \/><\/span>\n<span class=\"wpcf7-form-control-wrap\" data-name=\"guest-dob\"><input size=\"40\" maxlength=\"400\" class=\"wpcf7-form-control wpcf7-text\" aria-invalid=\"false\" placeholder=\"* S\u00fcnniaeg\/Date of birth\" value=\"\" type=\"text\" name=\"guest-dob\" \/><\/span>\n<button type='button' class='wpcf7-field-group-remove '>-<\/button><button type='button' class='wpcf7-field-group-add '>+<\/button><input type=\"hidden\" class=\"wpcf7-field-group-count\" name=\"_wpcf7_groups_count[guests]\" value=\"1\" \/><\/div><\/div>\n\n<div class=\"alert alert-info\">\n<p>Trahv toas suitsetamise eest <strong>200 \u20ac<\/strong>. Palun k\u00fcsige suitsetamiseks ette n\u00e4htud kohtade osas infot hotelli vastuv\u00f5tust.<br>\nA fee up to <strong>200 \u20ac<\/strong> will be assessed for smoking in a room. Please ask the Front Desk for locations of designated outdoor smoking areas.<\/p>\n<p>V Spaahotellis ei ole lemmikloomad lubatud. Reeglite rikkumise korral rakendub trahv <strong>200\u20ac<\/strong>\/lemmiklooma kohta.<br>\nWe have a strict \u2018No Pets\u2019 policy. In case of violation of the rules, a fine of <strong>200\u20ac<\/strong> applies.<\/p>\n<\/div>\n\n<span class=\"wpcf7-form-control-wrap\" data-name=\"form-acceptance\"><span class=\"wpcf7-form-control wpcf7-acceptance\"><span class=\"wpcf7-list-item\"><label><input type=\"checkbox\" name=\"form-acceptance\" value=\"1\" aria-invalid=\"false\" \/><span class=\"wpcf7-list-item-label\">K\u00f5ik andmed on \u00f5iged ja olen kohustatud tasuma teenuste\/toodete eest \/ The gusest is responsible for all charges relating to this visit<\/span><\/label><\/span><\/span><\/span>\n\n<button id='submit' class='wpcf7-form-control wpcf7-submit btn btn-primary' type='submit'>Saada \/ Submit<\/button>\n\n<\/div><div class=\"wpcf7-response-output\" aria-hidden=\"true\"><\/div>\n<\/form>\n<\/div>\n<\/div>\n","protected":false},"excerpt":{"rendered":"","protected":false},"author":1,"featured_media":0,"parent":0,"menu_order":9900,"comment_status":"closed","ping_status":"closed","template":"","meta":{"_acf_changed":false,"inline_featured_image":false,"footnotes":""},"class_list":["post-3561","page","type-page","status-publish","hentry"],"acf":[],"_links":{"self":[{"href":"https:\/\/vspahotel.ee\/ru\/wp-json\/wp\/v2\/pages\/3561","targetHints":{"allow":["GET"]}}],"collection":[{"href":"https:\/\/vspahotel.ee\/ru\/wp-json\/wp\/v2\/pages"}],"about":[{"href":"https:\/\/vspahotel.ee\/ru\/wp-json\/wp\/v2\/types\/page"}],"author":[{"embeddable":true,"href":"https:\/\/vspahotel.ee\/ru\/wp-json\/wp\/v2\/users\/1"}],"replies":[{"embeddable":true,"href":"https:\/\/vspahotel.ee\/ru\/wp-json\/wp\/v2\/comments?post=3561"}],"version-history":[{"count":0,"href":"https:\/\/vspahotel.ee\/ru\/wp-json\/wp\/v2\/pages\/3561\/revisions"}],"wp:attachment":[{"href":"https:\/\/vspahotel.ee\/ru\/wp-json\/wp\/v2\/media?parent=3561"}],"curies":[{"name":"wp","href":"https:\/\/api.w.org\/{rel}","templated":true}]}}