{"id":3631,"date":"2023-11-23T11:06:16","date_gmt":"2023-11-23T11:06:16","guid":{"rendered":"https:\/\/vspahotel.ee\/ohtusoogimenuu\/"},"modified":"2023-11-23T11:06:16","modified_gmt":"2023-11-23T11:06:16","slug":"ohtusoogimenuu","status":"publish","type":"page","link":"https:\/\/vspahotel.ee\/ru\/tahista-v-s\/ohtusoogimenuu\/","title":{"rendered":"\u00d5htus\u00f6\u00f6gimen\u00fc\u00fc"},"content":{"rendered":"<div class=\"ama-block block-food-menus\"><div class=\"block__body\"><div class=\"food-menu__item\"><div class=\"item-intro classic-editor\"><h2 class=\"has-primary-color\">Pidulikud \u00f5htus\u00f6\u00f6gimen\u00fc\u00fcd<\/h2><p>Men\u00fc\u00fc juurde kuulub maitsevesi, kohv\/tee ja k\u00e4sit\u00f6\u00f6 sai\/leib ning maitsev\u00f5i<\/p>\n<\/div><div class=\"item-legend\"><p>L &#8212; sisaldab laktoosi<\/p><p>G &#8212; sisaldab gluteeni<\/p><p>V &#8212; vegan<\/p><p>P- sisaldab p\u00e4hkleid<\/p><\/div><div class=\"item-body\"><div class=\"food-menu__group\"><div class=\"group__header\"><h3 class=\"has-semi-large-font-size\">Pidulik \u00f5htus\u00f6\u00f6gimen\u00fc\u00fc \u201eTaevas\u201c<\/h3><p class=\"fw-bold has-semi-large-font-size\">48\u20ac<\/p><\/div><div class=\"group__body\"><div class=\"list-item\"><p class=\"has-medium-font-size has-primary-color\">XO MUNA G<\/p><ul class=\"menu__items\"><li><\/li><\/ul><\/div><div class=\"list-item\"><p class=\"has-medium-font-size has-primary-color\">VUTT L, G<\/p><ul class=\"menu__items\"><li><\/li><\/ul><\/div><div class=\"list-item\"><p class=\"has-medium-font-size has-primary-color\">MEEKOOK L, G<\/p><ul class=\"menu__items\"><li><\/li><\/ul><\/div><\/div><\/div><div class=\"food-menu__group\"><div class=\"group__header\"><h3 class=\"has-semi-large-font-size\">Pidulik \u00f5htus\u00f6\u00f6gimen\u00fc\u00fc \u201eMaa\u201c<\/h3><p class=\"fw-bold has-semi-large-font-size\">51\u20ac<\/p><\/div><div class=\"group__body\"><div class=\"list-item\"><p class=\"has-medium-font-size has-primary-color\">VASIKA KEEL L 15<\/p><ul class=\"menu__items\"><li><\/li><\/ul><\/div><div class=\"list-item\"><p class=\"has-medium-font-size has-primary-color\">LAMMAS P<\/p><ul class=\"menu__items\"><li><\/li><\/ul><\/div><div class=\"list-item\"><p class=\"has-medium-font-size has-primary-color\">\u0160OKOLAADI BROWNI G, V, P<\/p><ul class=\"menu__items\"><li><\/li><\/ul><\/div><\/div><\/div><div class=\"food-menu__group\"><div class=\"group__header\"><h3 class=\"has-semi-large-font-size\">Pidulik \u00f5htus\u00f6\u00f6gimen\u00fc\u00fc \u201eVesi\u201c<\/h3><p class=\"fw-bold has-semi-large-font-size\">62\u20ac<\/p><\/div><div class=\"group__body\"><div class=\"list-item\"><p class=\"has-medium-font-size has-primary-color\">ANGERJAS P, G<\/p><ul class=\"menu__items\"><li><\/li><\/ul><\/div><div class=\"list-item\"><p class=\"has-medium-font-size has-primary-color\">KAHEKSAJALG L<\/p><ul class=\"menu__items\"><li><\/li><\/ul><\/div><div class=\"list-item\"><p class=\"has-medium-font-size has-primary-color\">CAMEMBERTI MOUSSEE\u00ad G, L, P<\/p><ul class=\"menu__items\"><li><\/li><\/ul><\/div><\/div><\/div><div class=\"food-menu__group\"><div class=\"group__header\"><h3 class=\"has-semi-large-font-size\">Pidulik \u00f5htus\u00f6\u00f6gimen\u00fc\u00fc \u201eSurf &#038; Turf\u201c<\/h3><p class=\"fw-bold has-semi-large-font-size\">61\u20ac<\/p><\/div><div class=\"group__body\"><div class=\"list-item\"><p class=\"has-medium-font-size has-primary-color\">ANGERJAS P, G<\/p><ul class=\"menu__items\"><li><\/li><\/ul><\/div><div class=\"list-item\"><p class=\"has-medium-font-size has-primary-color\">ANTREKOOT L, P<\/p><ul class=\"menu__items\"><li><\/li><\/ul><\/div><div class=\"list-item\"><p class=\"has-medium-font-size has-primary-color\">HURMAA L, P<\/p><ul class=\"menu__items\"><li><\/li><\/ul><\/div><\/div><\/div><div class=\"food-menu__group\"><div class=\"group__header\"><h3 class=\"has-semi-large-font-size\">Pidulik \u00f5htus\u00f6\u00f6gimen\u00fc\u00fc \u201eVEGAN\u201c<\/h3><p class=\"fw-bold has-semi-large-font-size\">40\u20ac<\/p><\/div><div class=\"group__body\"><div class=\"list-item\"><p class=\"has-medium-font-size has-primary-color\">PORTOBELLO V, P<\/p><ul class=\"menu__items\"><li><\/li><\/ul><\/div><div class=\"list-item\"><p class=\"has-medium-font-size has-primary-color\">PORGAND V, P, G<\/p><ul class=\"menu__items\"><li><\/li><\/ul><\/div><div class=\"list-item\"><p class=\"has-medium-font-size has-primary-color\">\u0160OKOLAADI BROWNI G, V, P<\/p><ul class=\"menu__items\"><li><\/li><\/ul><\/div><\/div><\/div><\/div><\/div><\/div><\/div>","protected":false},"excerpt":{"rendered":"","protected":false},"author":1,"featured_media":0,"parent":3708,"menu_order":20,"comment_status":"closed","ping_status":"closed","template":"","meta":{"_acf_changed":false,"inline_featured_image":false,"footnotes":""},"class_list":["post-3631","page","type-page","status-publish","hentry"],"acf":[],"_links":{"self":[{"href":"https:\/\/vspahotel.ee\/ru\/wp-json\/wp\/v2\/pages\/3631","targetHints":{"allow":["GET"]}}],"collection":[{"href":"https:\/\/vspahotel.ee\/ru\/wp-json\/wp\/v2\/pages"}],"about":[{"href":"https:\/\/vspahotel.ee\/ru\/wp-json\/wp\/v2\/types\/page"}],"author":[{"embeddable":true,"href":"https:\/\/vspahotel.ee\/ru\/wp-json\/wp\/v2\/users\/1"}],"replies":[{"embeddable":true,"href":"https:\/\/vspahotel.ee\/ru\/wp-json\/wp\/v2\/comments?post=3631"}],"version-history":[{"count":0,"href":"https:\/\/vspahotel.ee\/ru\/wp-json\/wp\/v2\/pages\/3631\/revisions"}],"up":[{"embeddable":true,"href":"https:\/\/vspahotel.ee\/ru\/wp-json\/wp\/v2\/pages\/3708"}],"wp:attachment":[{"href":"https:\/\/vspahotel.ee\/ru\/wp-json\/wp\/v2\/media?parent=3631"}],"curies":[{"name":"wp","href":"https:\/\/api.w.org\/{rel}","templated":true}]}}